{"id":137,"date":"2022-07-10T21:42:50","date_gmt":"2022-07-10T21:42:50","guid":{"rendered":"https:\/\/crisbaez.com\/?page_id=137"},"modified":"2022-07-10T21:42:53","modified_gmt":"2022-07-10T21:42:53","slug":"derecho-ambiental","status":"publish","type":"page","link":"https:\/\/crisbaez.com\/?page_id=137","title":{"rendered":"DERECHO AMBIENTAL"},"content":{"rendered":"\n<p class=\"has-text-align-center\">Nuestra capacitaci\u00f3n acad\u00e9mica y la experiencia de nuestro personal nos permiten brindarle asesor\u00eda y representaci\u00f3n en la compleja \u00e1rea del Derecho Ambiental, prevenir los delitos ambientales \u2014enmarcados en los modernos, aunque este no tan moderno, delitos socioecon\u00f3micos, de naturaleza supraindividuales\u2014, representarlo eficazmente, en caso de haber incurrido en alguna agresi\u00f3n ambiental que redunde en delito y contribuir a la explotaci\u00f3n industrial sin agredir el medio ambiente.<\/p>\n\n\n\n<p class=\"has-text-align-center\">De igual forma, brindamos asesor\u00eda y representaci\u00f3n en la obtenci\u00f3n y renovaci\u00f3n de permisos medioambientales.<\/p>\n","protected":false},"excerpt":{"rendered":"<p>Nuestra capacitaci\u00f3n acad\u00e9mica y la experiencia de nuestro personal nos permiten brindarle asesor\u00eda y representaci\u00f3n en la compleja \u00e1rea del Derecho Ambiental, prevenir los delitos ambientales \u2014enmarcados en los modernos, aunque este no tan moderno, delitos socioecon\u00f3micos, de naturaleza supraindividuales\u2014, representarlo eficazmente, en caso de haber incurrido en alguna agresi\u00f3n ambiental que redunde en delito [&hellip;]<\/p>\n","protected":false},"author":2,"featured_media":0,"parent":0,"menu_order":0,"comment_status":"closed","ping_status":"closed","template":"","meta":{"nf_dc_page":"","_monsterinsights_skip_tracking":false,"_monsterinsights_sitenote_active":false,"_monsterinsights_sitenote_note":"","_monsterinsights_sitenote_category":0,"footnotes":""},"class_list":["post-137","page","type-page","status-publish","hentry"],"yoast_head":"<!-- This site is optimized with the Yoast SEO plugin v27.6 - https:\/\/yoast.com\/product\/yoast-seo-wordpress\/ -->\n<title>DERECHO AMBIENTAL - Cristian Baez<\/title>\n<meta name=\"robots\" content=\"index, follow, max-snippet:-1, max-image-preview:large, max-video-preview:-1\" \/>\n<link rel=\"canonical\" href=\"https:\/\/crisbaez.com\/?page_id=137\" \/>\n<meta property=\"og:locale\" content=\"es_ES\" \/>\n<meta property=\"og:type\" content=\"article\" \/>\n<meta property=\"og:title\" content=\"DERECHO AMBIENTAL - Cristian Baez\" \/>\n<meta property=\"og:description\" content=\"Nuestra capacitaci\u00f3n acad\u00e9mica y la experiencia de nuestro personal nos permiten brindarle asesor\u00eda y representaci\u00f3n en la compleja \u00e1rea del Derecho Ambiental, prevenir los delitos ambientales \u2014enmarcados en los modernos, aunque este no tan moderno, delitos socioecon\u00f3micos, de naturaleza supraindividuales\u2014, representarlo eficazmente, en caso de haber incurrido en alguna agresi\u00f3n ambiental que redunde en delito [&hellip;]\" \/>\n<meta property=\"og:url\" content=\"https:\/\/crisbaez.com\/?page_id=137\" \/>\n<meta property=\"og:site_name\" content=\"Cristian Baez\" \/>\n<meta property=\"article:modified_time\" content=\"2022-07-10T21:42:53+00:00\" \/>\n<meta name=\"twitter:card\" content=\"summary_large_image\" \/>\n<meta name=\"twitter:label1\" content=\"Est. reading time\" \/>\n\t<meta name=\"twitter:data1\" content=\"1 minuto\" \/>\n<script type=\"application\/ld+json\" class=\"yoast-schema-graph\">{\"@context\":\"https:\\\/\\\/schema.org\",\"@graph\":[{\"@type\":\"WebPage\",\"@id\":\"https:\\\/\\\/crisbaez.com\\\/?page_id=137\",\"url\":\"https:\\\/\\\/crisbaez.com\\\/?page_id=137\",\"name\":\"DERECHO AMBIENTAL - Cristian Baez\",\"isPartOf\":{\"@id\":\"https:\\\/\\\/crisbaez.com\\\/#website\"},\"datePublished\":\"2022-07-10T21:42:50+00:00\",\"dateModified\":\"2022-07-10T21:42:53+00:00\",\"breadcrumb\":{\"@id\":\"https:\\\/\\\/crisbaez.com\\\/?page_id=137#breadcrumb\"},\"inLanguage\":\"es-DO\",\"potentialAction\":[{\"@type\":\"ReadAction\",\"target\":[\"https:\\\/\\\/crisbaez.com\\\/?page_id=137\"]}]},{\"@type\":\"BreadcrumbList\",\"@id\":\"https:\\\/\\\/crisbaez.com\\\/?page_id=137#breadcrumb\",\"itemListElement\":[{\"@type\":\"ListItem\",\"position\":1,\"name\":\"Home\",\"item\":\"https:\\\/\\\/crisbaez.com\\\/\"},{\"@type\":\"ListItem\",\"position\":2,\"name\":\"DERECHO AMBIENTAL\"}]},{\"@type\":\"WebSite\",\"@id\":\"https:\\\/\\\/crisbaez.com\\\/#website\",\"url\":\"https:\\\/\\\/crisbaez.com\\\/\",\"name\":\"Cristian Baez\",\"description\":\"\",\"publisher\":{\"@id\":\"https:\\\/\\\/crisbaez.com\\\/#organization\"},\"potentialAction\":[{\"@type\":\"SearchAction\",\"target\":{\"@type\":\"EntryPoint\",\"urlTemplate\":\"https:\\\/\\\/crisbaez.com\\\/?s={search_term_string}\"},\"query-input\":{\"@type\":\"PropertyValueSpecification\",\"valueRequired\":true,\"valueName\":\"search_term_string\"}}],\"inLanguage\":\"es-DO\"},{\"@type\":\"Organization\",\"@id\":\"https:\\\/\\\/crisbaez.com\\\/#organization\",\"name\":\"Cristian Baez\",\"url\":\"https:\\\/\\\/crisbaez.com\\\/\",\"logo\":{\"@type\":\"ImageObject\",\"inLanguage\":\"es-DO\",\"@id\":\"https:\\\/\\\/crisbaez.com\\\/#\\\/schema\\\/logo\\\/image\\\/\",\"url\":\"https:\\\/\\\/i0.wp.com\\\/crisbaez.com\\\/wp-content\\\/uploads\\\/2022\\\/07\\\/cropped-CRISBAEZ-Horizontal-otra-v-scaled-1.jpg?fit=2560%2C1062&ssl=1\",\"contentUrl\":\"https:\\\/\\\/i0.wp.com\\\/crisbaez.com\\\/wp-content\\\/uploads\\\/2022\\\/07\\\/cropped-CRISBAEZ-Horizontal-otra-v-scaled-1.jpg?fit=2560%2C1062&ssl=1\",\"width\":2560,\"height\":1062,\"caption\":\"Cristian Baez\"},\"image\":{\"@id\":\"https:\\\/\\\/crisbaez.com\\\/#\\\/schema\\\/logo\\\/image\\\/\"}}]}<\/script>\n<!-- \/ Yoast SEO plugin. -->","yoast_head_json":{"title":"DERECHO AMBIENTAL - Cristian Baez","robots":{"index":"index","follow":"follow","max-snippet":"max-snippet:-1","max-image-preview":"max-image-preview:large","max-video-preview":"max-video-preview:-1"},"canonical":"https:\/\/crisbaez.com\/?page_id=137","og_locale":"es_ES","og_type":"article","og_title":"DERECHO AMBIENTAL - Cristian Baez","og_description":"Nuestra capacitaci\u00f3n acad\u00e9mica y la experiencia de nuestro personal nos permiten brindarle asesor\u00eda y representaci\u00f3n en la compleja \u00e1rea del Derecho Ambiental, prevenir los delitos ambientales \u2014enmarcados en los modernos, aunque este no tan moderno, delitos socioecon\u00f3micos, de naturaleza supraindividuales\u2014, representarlo eficazmente, en caso de haber incurrido en alguna agresi\u00f3n ambiental que redunde en delito [&hellip;]","og_url":"https:\/\/crisbaez.com\/?page_id=137","og_site_name":"Cristian Baez","article_modified_time":"2022-07-10T21:42:53+00:00","twitter_card":"summary_large_image","twitter_misc":{"Est. reading time":"1 minuto"},"schema":{"@context":"https:\/\/schema.org","@graph":[{"@type":"WebPage","@id":"https:\/\/crisbaez.com\/?page_id=137","url":"https:\/\/crisbaez.com\/?page_id=137","name":"DERECHO AMBIENTAL - Cristian Baez","isPartOf":{"@id":"https:\/\/crisbaez.com\/#website"},"datePublished":"2022-07-10T21:42:50+00:00","dateModified":"2022-07-10T21:42:53+00:00","breadcrumb":{"@id":"https:\/\/crisbaez.com\/?page_id=137#breadcrumb"},"inLanguage":"es-DO","potentialAction":[{"@type":"ReadAction","target":["https:\/\/crisbaez.com\/?page_id=137"]}]},{"@type":"BreadcrumbList","@id":"https:\/\/crisbaez.com\/?page_id=137#breadcrumb","itemListElement":[{"@type":"ListItem","position":1,"name":"Home","item":"https:\/\/crisbaez.com\/"},{"@type":"ListItem","position":2,"name":"DERECHO AMBIENTAL"}]},{"@type":"WebSite","@id":"https:\/\/crisbaez.com\/#website","url":"https:\/\/crisbaez.com\/","name":"Cristian Baez","description":"","publisher":{"@id":"https:\/\/crisbaez.com\/#organization"},"potentialAction":[{"@type":"SearchAction","target":{"@type":"EntryPoint","urlTemplate":"https:\/\/crisbaez.com\/?s={search_term_string}"},"query-input":{"@type":"PropertyValueSpecification","valueRequired":true,"valueName":"search_term_string"}}],"inLanguage":"es-DO"},{"@type":"Organization","@id":"https:\/\/crisbaez.com\/#organization","name":"Cristian Baez","url":"https:\/\/crisbaez.com\/","logo":{"@type":"ImageObject","inLanguage":"es-DO","@id":"https:\/\/crisbaez.com\/#\/schema\/logo\/image\/","url":"https:\/\/i0.wp.com\/crisbaez.com\/wp-content\/uploads\/2022\/07\/cropped-CRISBAEZ-Horizontal-otra-v-scaled-1.jpg?fit=2560%2C1062&ssl=1","contentUrl":"https:\/\/i0.wp.com\/crisbaez.com\/wp-content\/uploads\/2022\/07\/cropped-CRISBAEZ-Horizontal-otra-v-scaled-1.jpg?fit=2560%2C1062&ssl=1","width":2560,"height":1062,"caption":"Cristian Baez"},"image":{"@id":"https:\/\/crisbaez.com\/#\/schema\/logo\/image\/"}}]}},"jetpack_sharing_enabled":true,"_links":{"self":[{"href":"https:\/\/crisbaez.com\/index.php?rest_route=\/wp\/v2\/pages\/137","targetHints":{"allow":["GET"]}}],"collection":[{"href":"https:\/\/crisbaez.com\/index.php?rest_route=\/wp\/v2\/pages"}],"about":[{"href":"https:\/\/crisbaez.com\/index.php?rest_route=\/wp\/v2\/types\/page"}],"author":[{"embeddable":true,"href":"https:\/\/crisbaez.com\/index.php?rest_route=\/wp\/v2\/users\/2"}],"replies":[{"embeddable":true,"href":"https:\/\/crisbaez.com\/index.php?rest_route=%2Fwp%2Fv2%2Fcomments&post=137"}],"version-history":[{"count":1,"href":"https:\/\/crisbaez.com\/index.php?rest_route=\/wp\/v2\/pages\/137\/revisions"}],"predecessor-version":[{"id":138,"href":"https:\/\/crisbaez.com\/index.php?rest_route=\/wp\/v2\/pages\/137\/revisions\/138"}],"wp:attachment":[{"href":"https:\/\/crisbaez.com\/index.php?rest_route=%2Fwp%2Fv2%2Fmedia&parent=137"}],"curies":[{"name":"wp","href":"https:\/\/api.w.org\/{rel}","templated":true}]}}