{"id":140,"date":"2022-07-11T14:07:00","date_gmt":"2022-07-11T14:07:00","guid":{"rendered":"https:\/\/crisbaez.com\/?page_id=140"},"modified":"2022-07-11T14:07:02","modified_gmt":"2022-07-11T14:07:02","slug":"derecho-bancario-y-financiero","status":"publish","type":"page","link":"https:\/\/crisbaez.com\/?page_id=140","title":{"rendered":"DERECHO BANCARIO Y FINANCIERO"},"content":{"rendered":"\n<p class=\"has-text-align-center\">Com\u00fanmente denominado como \u201cDerecho Bancario\u201d, persigue la regulaci\u00f3n del sistema financiero, entendido como tal: el conjunto de mecanismos (instituciones, medios y mercados) que persiguen canalizar el ahorro de los agentes econ\u00f3micos con capacidad de inversi\u00f3n para disponerlo en favor de los que en determinado momento tienen la necesidad de financiamiento. Entre las que se destacan los bancos, corredores de bolsa, y otras entidades de intermediaci\u00f3n de no ahorro, como las denominadas financieras.<\/p>\n\n\n\n<p class=\"has-text-align-center\">Contamos con la experiencia para asesorar y representar eficazmente al cliente en la inversi\u00f3n de sus capitales, as\u00ed como en la obtenci\u00f3n de financiamientos para el desarrollo de su negocio y la prevenci\u00f3n de incumplimientos financieros. De igual forma, brindamos representaci\u00f3n en conflictos de derecho bancario.<\/p>\n","protected":false},"excerpt":{"rendered":"<p>Com\u00fanmente denominado como \u201cDerecho Bancario\u201d, persigue la regulaci\u00f3n del sistema financiero, entendido como tal: el conjunto de mecanismos (instituciones, medios y mercados) que persiguen canalizar el ahorro de los agentes econ\u00f3micos con capacidad de inversi\u00f3n para disponerlo en favor de los que en determinado momento tienen la necesidad de financiamiento. Entre las que se destacan [&hellip;]<\/p>\n","protected":false},"author":2,"featured_media":0,"parent":0,"menu_order":0,"comment_status":"closed","ping_status":"closed","template":"","meta":{"nf_dc_page":"","_monsterinsights_skip_tracking":false,"_monsterinsights_sitenote_active":false,"_monsterinsights_sitenote_note":"","_monsterinsights_sitenote_category":0,"footnotes":""},"class_list":["post-140","page","type-page","status-publish","hentry"],"yoast_head":"<!-- This site is optimized with the Yoast SEO plugin v27.6 - https:\/\/yoast.com\/product\/yoast-seo-wordpress\/ -->\n<title>DERECHO BANCARIO Y FINANCIERO - Cristian Baez<\/title>\n<meta name=\"robots\" content=\"index, follow, max-snippet:-1, max-image-preview:large, max-video-preview:-1\" \/>\n<link rel=\"canonical\" href=\"https:\/\/crisbaez.com\/?page_id=140\" \/>\n<meta property=\"og:locale\" content=\"es_ES\" \/>\n<meta property=\"og:type\" content=\"article\" \/>\n<meta property=\"og:title\" content=\"DERECHO BANCARIO Y FINANCIERO - Cristian Baez\" \/>\n<meta property=\"og:description\" content=\"Com\u00fanmente denominado como \u201cDerecho Bancario\u201d, persigue la regulaci\u00f3n del sistema financiero, entendido como tal: el conjunto de mecanismos (instituciones, medios y mercados) que persiguen canalizar el ahorro de los agentes econ\u00f3micos con capacidad de inversi\u00f3n para disponerlo en favor de los que en determinado momento tienen la necesidad de financiamiento. Entre las que se destacan [&hellip;]\" \/>\n<meta property=\"og:url\" content=\"https:\/\/crisbaez.com\/?page_id=140\" \/>\n<meta property=\"og:site_name\" content=\"Cristian Baez\" \/>\n<meta property=\"article:modified_time\" content=\"2022-07-11T14:07:02+00:00\" \/>\n<meta name=\"twitter:card\" content=\"summary_large_image\" \/>\n<meta name=\"twitter:label1\" content=\"Est. reading time\" \/>\n\t<meta name=\"twitter:data1\" content=\"1 minuto\" \/>\n<script type=\"application\/ld+json\" class=\"yoast-schema-graph\">{\"@context\":\"https:\\\/\\\/schema.org\",\"@graph\":[{\"@type\":\"WebPage\",\"@id\":\"https:\\\/\\\/crisbaez.com\\\/?page_id=140\",\"url\":\"https:\\\/\\\/crisbaez.com\\\/?page_id=140\",\"name\":\"DERECHO BANCARIO Y FINANCIERO - Cristian Baez\",\"isPartOf\":{\"@id\":\"https:\\\/\\\/crisbaez.com\\\/#website\"},\"datePublished\":\"2022-07-11T14:07:00+00:00\",\"dateModified\":\"2022-07-11T14:07:02+00:00\",\"breadcrumb\":{\"@id\":\"https:\\\/\\\/crisbaez.com\\\/?page_id=140#breadcrumb\"},\"inLanguage\":\"es-DO\",\"potentialAction\":[{\"@type\":\"ReadAction\",\"target\":[\"https:\\\/\\\/crisbaez.com\\\/?page_id=140\"]}]},{\"@type\":\"BreadcrumbList\",\"@id\":\"https:\\\/\\\/crisbaez.com\\\/?page_id=140#breadcrumb\",\"itemListElement\":[{\"@type\":\"ListItem\",\"position\":1,\"name\":\"Home\",\"item\":\"https:\\\/\\\/crisbaez.com\\\/\"},{\"@type\":\"ListItem\",\"position\":2,\"name\":\"DERECHO BANCARIO Y FINANCIERO\"}]},{\"@type\":\"WebSite\",\"@id\":\"https:\\\/\\\/crisbaez.com\\\/#website\",\"url\":\"https:\\\/\\\/crisbaez.com\\\/\",\"name\":\"Cristian Baez\",\"description\":\"\",\"publisher\":{\"@id\":\"https:\\\/\\\/crisbaez.com\\\/#organization\"},\"potentialAction\":[{\"@type\":\"SearchAction\",\"target\":{\"@type\":\"EntryPoint\",\"urlTemplate\":\"https:\\\/\\\/crisbaez.com\\\/?s={search_term_string}\"},\"query-input\":{\"@type\":\"PropertyValueSpecification\",\"valueRequired\":true,\"valueName\":\"search_term_string\"}}],\"inLanguage\":\"es-DO\"},{\"@type\":\"Organization\",\"@id\":\"https:\\\/\\\/crisbaez.com\\\/#organization\",\"name\":\"Cristian Baez\",\"url\":\"https:\\\/\\\/crisbaez.com\\\/\",\"logo\":{\"@type\":\"ImageObject\",\"inLanguage\":\"es-DO\",\"@id\":\"https:\\\/\\\/crisbaez.com\\\/#\\\/schema\\\/logo\\\/image\\\/\",\"url\":\"https:\\\/\\\/i0.wp.com\\\/crisbaez.com\\\/wp-content\\\/uploads\\\/2022\\\/07\\\/cropped-CRISBAEZ-Horizontal-otra-v-scaled-1.jpg?fit=2560%2C1062&ssl=1\",\"contentUrl\":\"https:\\\/\\\/i0.wp.com\\\/crisbaez.com\\\/wp-content\\\/uploads\\\/2022\\\/07\\\/cropped-CRISBAEZ-Horizontal-otra-v-scaled-1.jpg?fit=2560%2C1062&ssl=1\",\"width\":2560,\"height\":1062,\"caption\":\"Cristian Baez\"},\"image\":{\"@id\":\"https:\\\/\\\/crisbaez.com\\\/#\\\/schema\\\/logo\\\/image\\\/\"}}]}<\/script>\n<!-- \/ Yoast SEO plugin. -->","yoast_head_json":{"title":"DERECHO BANCARIO Y FINANCIERO - Cristian Baez","robots":{"index":"index","follow":"follow","max-snippet":"max-snippet:-1","max-image-preview":"max-image-preview:large","max-video-preview":"max-video-preview:-1"},"canonical":"https:\/\/crisbaez.com\/?page_id=140","og_locale":"es_ES","og_type":"article","og_title":"DERECHO BANCARIO Y FINANCIERO - Cristian Baez","og_description":"Com\u00fanmente denominado como \u201cDerecho Bancario\u201d, persigue la regulaci\u00f3n del sistema financiero, entendido como tal: el conjunto de mecanismos (instituciones, medios y mercados) que persiguen canalizar el ahorro de los agentes econ\u00f3micos con capacidad de inversi\u00f3n para disponerlo en favor de los que en determinado momento tienen la necesidad de financiamiento. Entre las que se destacan [&hellip;]","og_url":"https:\/\/crisbaez.com\/?page_id=140","og_site_name":"Cristian Baez","article_modified_time":"2022-07-11T14:07:02+00:00","twitter_card":"summary_large_image","twitter_misc":{"Est. reading time":"1 minuto"},"schema":{"@context":"https:\/\/schema.org","@graph":[{"@type":"WebPage","@id":"https:\/\/crisbaez.com\/?page_id=140","url":"https:\/\/crisbaez.com\/?page_id=140","name":"DERECHO BANCARIO Y FINANCIERO - Cristian Baez","isPartOf":{"@id":"https:\/\/crisbaez.com\/#website"},"datePublished":"2022-07-11T14:07:00+00:00","dateModified":"2022-07-11T14:07:02+00:00","breadcrumb":{"@id":"https:\/\/crisbaez.com\/?page_id=140#breadcrumb"},"inLanguage":"es-DO","potentialAction":[{"@type":"ReadAction","target":["https:\/\/crisbaez.com\/?page_id=140"]}]},{"@type":"BreadcrumbList","@id":"https:\/\/crisbaez.com\/?page_id=140#breadcrumb","itemListElement":[{"@type":"ListItem","position":1,"name":"Home","item":"https:\/\/crisbaez.com\/"},{"@type":"ListItem","position":2,"name":"DERECHO BANCARIO Y FINANCIERO"}]},{"@type":"WebSite","@id":"https:\/\/crisbaez.com\/#website","url":"https:\/\/crisbaez.com\/","name":"Cristian Baez","description":"","publisher":{"@id":"https:\/\/crisbaez.com\/#organization"},"potentialAction":[{"@type":"SearchAction","target":{"@type":"EntryPoint","urlTemplate":"https:\/\/crisbaez.com\/?s={search_term_string}"},"query-input":{"@type":"PropertyValueSpecification","valueRequired":true,"valueName":"search_term_string"}}],"inLanguage":"es-DO"},{"@type":"Organization","@id":"https:\/\/crisbaez.com\/#organization","name":"Cristian Baez","url":"https:\/\/crisbaez.com\/","logo":{"@type":"ImageObject","inLanguage":"es-DO","@id":"https:\/\/crisbaez.com\/#\/schema\/logo\/image\/","url":"https:\/\/i0.wp.com\/crisbaez.com\/wp-content\/uploads\/2022\/07\/cropped-CRISBAEZ-Horizontal-otra-v-scaled-1.jpg?fit=2560%2C1062&ssl=1","contentUrl":"https:\/\/i0.wp.com\/crisbaez.com\/wp-content\/uploads\/2022\/07\/cropped-CRISBAEZ-Horizontal-otra-v-scaled-1.jpg?fit=2560%2C1062&ssl=1","width":2560,"height":1062,"caption":"Cristian Baez"},"image":{"@id":"https:\/\/crisbaez.com\/#\/schema\/logo\/image\/"}}]}},"jetpack_sharing_enabled":true,"_links":{"self":[{"href":"https:\/\/crisbaez.com\/index.php?rest_route=\/wp\/v2\/pages\/140","targetHints":{"allow":["GET"]}}],"collection":[{"href":"https:\/\/crisbaez.com\/index.php?rest_route=\/wp\/v2\/pages"}],"about":[{"href":"https:\/\/crisbaez.com\/index.php?rest_route=\/wp\/v2\/types\/page"}],"author":[{"embeddable":true,"href":"https:\/\/crisbaez.com\/index.php?rest_route=\/wp\/v2\/users\/2"}],"replies":[{"embeddable":true,"href":"https:\/\/crisbaez.com\/index.php?rest_route=%2Fwp%2Fv2%2Fcomments&post=140"}],"version-history":[{"count":1,"href":"https:\/\/crisbaez.com\/index.php?rest_route=\/wp\/v2\/pages\/140\/revisions"}],"predecessor-version":[{"id":141,"href":"https:\/\/crisbaez.com\/index.php?rest_route=\/wp\/v2\/pages\/140\/revisions\/141"}],"wp:attachment":[{"href":"https:\/\/crisbaez.com\/index.php?rest_route=%2Fwp%2Fv2%2Fmedia&parent=140"}],"curies":[{"name":"wp","href":"https:\/\/api.w.org\/{rel}","templated":true}]}}