{"id":155,"date":"2022-07-11T14:18:46","date_gmt":"2022-07-11T14:18:46","guid":{"rendered":"https:\/\/crisbaez.com\/?page_id=155"},"modified":"2022-07-11T14:18:48","modified_gmt":"2022-07-11T14:18:48","slug":"derecho-inmobiliario","status":"publish","type":"page","link":"https:\/\/crisbaez.com\/?page_id=155","title":{"rendered":"DERECHO INMOBILIARIO"},"content":{"rendered":"\n<p class=\"has-text-align-center\">Es la rama del derecho que se encarga del estudio, an\u00e1lisis y regulaci\u00f3n normativa de los bienes inmuebles. En nuestro sistema, tiene un enfoque registral, en tanto se ocupa del sistema normativo que rige el registro inmobiliario, en cuanto al nacimiento, adquisici\u00f3n, modificaci\u00f3n, transmisi\u00f3n, inscripci\u00f3n, publicidad y extinci\u00f3n de los derechos de propiedad sobre bienes inmuebles.<\/p>\n\n\n\n<p class=\"has-text-align-center\">Basados en nuestra capacidad y experiencia acumulada por m\u00e1s de diez a\u00f1os, en CRISBAEZ Abogados &amp; Consultores, podemos asesorarle y representarle eficazmente en sus operaciones y conflictos inmobiliarios. Al efecto, le brindamos asesor\u00eda y acompa\u00f1amiento en las operaciones de compras o ventas de bienes inmuebles, que van desde la b\u00fasqueda, negociaciones, revisi\u00f3n del estado fiscal y jur\u00eddico del inmueble, operaci\u00f3n de compra (contrato), pago de impuestos de transferencia y la obtenci\u00f3n del certificado de t\u00edtulo o constancia anotada; Asesor\u00edas y representaci\u00f3n en procesos de deslinde, refundici\u00f3n o saneamiento, seg\u00fan las condiciones jur\u00eddicas del inmueble. Representaci\u00f3n y asesor\u00eda en conflictos jur\u00eddicos sobre derechos registrados; separaci\u00f3n de bienes, ya sea por determinaci\u00f3n de herederos, disoluci\u00f3n de sociedad o separaci\u00f3n de bienes comunes. De igual forma, podemos ayudarle con la venta de sus bienes inmuebles, la recuperaci\u00f3n; la ejecuci\u00f3n o cualquier acto o acci\u00f3n jur\u00eddica que recaiga sobre bienes inmuebles.&nbsp;&nbsp;<\/p>\n","protected":false},"excerpt":{"rendered":"<p>Es la rama del derecho que se encarga del estudio, an\u00e1lisis y regulaci\u00f3n normativa de los bienes inmuebles. En nuestro sistema, tiene un enfoque registral, en tanto se ocupa del sistema normativo que rige el registro inmobiliario, en cuanto al nacimiento, adquisici\u00f3n, modificaci\u00f3n, transmisi\u00f3n, inscripci\u00f3n, publicidad y extinci\u00f3n de los derechos de propiedad sobre bienes [&hellip;]<\/p>\n","protected":false},"author":2,"featured_media":0,"parent":0,"menu_order":0,"comment_status":"closed","ping_status":"closed","template":"","meta":{"nf_dc_page":"","_monsterinsights_skip_tracking":false,"_monsterinsights_sitenote_active":false,"_monsterinsights_sitenote_note":"","_monsterinsights_sitenote_category":0,"footnotes":""},"class_list":["post-155","page","type-page","status-publish","hentry"],"yoast_head":"<!-- This site is optimized with the Yoast SEO plugin v27.6 - https:\/\/yoast.com\/product\/yoast-seo-wordpress\/ -->\n<title>DERECHO INMOBILIARIO - Cristian Baez<\/title>\n<meta name=\"robots\" content=\"index, follow, max-snippet:-1, max-image-preview:large, max-video-preview:-1\" \/>\n<link rel=\"canonical\" href=\"https:\/\/crisbaez.com\/?page_id=155\" \/>\n<meta property=\"og:locale\" content=\"es_ES\" \/>\n<meta property=\"og:type\" content=\"article\" \/>\n<meta property=\"og:title\" content=\"DERECHO INMOBILIARIO - Cristian Baez\" \/>\n<meta property=\"og:description\" content=\"Es la rama del derecho que se encarga del estudio, an\u00e1lisis y regulaci\u00f3n normativa de los bienes inmuebles. En nuestro sistema, tiene un enfoque registral, en tanto se ocupa del sistema normativo que rige el registro inmobiliario, en cuanto al nacimiento, adquisici\u00f3n, modificaci\u00f3n, transmisi\u00f3n, inscripci\u00f3n, publicidad y extinci\u00f3n de los derechos de propiedad sobre bienes [&hellip;]\" \/>\n<meta property=\"og:url\" content=\"https:\/\/crisbaez.com\/?page_id=155\" \/>\n<meta property=\"og:site_name\" content=\"Cristian Baez\" \/>\n<meta property=\"article:modified_time\" content=\"2022-07-11T14:18:48+00:00\" \/>\n<meta name=\"twitter:card\" content=\"summary_large_image\" \/>\n<meta name=\"twitter:label1\" content=\"Est. reading time\" \/>\n\t<meta name=\"twitter:data1\" content=\"1 minuto\" \/>\n<script type=\"application\/ld+json\" class=\"yoast-schema-graph\">{\"@context\":\"https:\\\/\\\/schema.org\",\"@graph\":[{\"@type\":\"WebPage\",\"@id\":\"https:\\\/\\\/crisbaez.com\\\/?page_id=155\",\"url\":\"https:\\\/\\\/crisbaez.com\\\/?page_id=155\",\"name\":\"DERECHO INMOBILIARIO - Cristian Baez\",\"isPartOf\":{\"@id\":\"https:\\\/\\\/crisbaez.com\\\/#website\"},\"datePublished\":\"2022-07-11T14:18:46+00:00\",\"dateModified\":\"2022-07-11T14:18:48+00:00\",\"breadcrumb\":{\"@id\":\"https:\\\/\\\/crisbaez.com\\\/?page_id=155#breadcrumb\"},\"inLanguage\":\"es-DO\",\"potentialAction\":[{\"@type\":\"ReadAction\",\"target\":[\"https:\\\/\\\/crisbaez.com\\\/?page_id=155\"]}]},{\"@type\":\"BreadcrumbList\",\"@id\":\"https:\\\/\\\/crisbaez.com\\\/?page_id=155#breadcrumb\",\"itemListElement\":[{\"@type\":\"ListItem\",\"position\":1,\"name\":\"Home\",\"item\":\"https:\\\/\\\/crisbaez.com\\\/\"},{\"@type\":\"ListItem\",\"position\":2,\"name\":\"DERECHO INMOBILIARIO\"}]},{\"@type\":\"WebSite\",\"@id\":\"https:\\\/\\\/crisbaez.com\\\/#website\",\"url\":\"https:\\\/\\\/crisbaez.com\\\/\",\"name\":\"Cristian Baez\",\"description\":\"\",\"publisher\":{\"@id\":\"https:\\\/\\\/crisbaez.com\\\/#organization\"},\"potentialAction\":[{\"@type\":\"SearchAction\",\"target\":{\"@type\":\"EntryPoint\",\"urlTemplate\":\"https:\\\/\\\/crisbaez.com\\\/?s={search_term_string}\"},\"query-input\":{\"@type\":\"PropertyValueSpecification\",\"valueRequired\":true,\"valueName\":\"search_term_string\"}}],\"inLanguage\":\"es-DO\"},{\"@type\":\"Organization\",\"@id\":\"https:\\\/\\\/crisbaez.com\\\/#organization\",\"name\":\"Cristian Baez\",\"url\":\"https:\\\/\\\/crisbaez.com\\\/\",\"logo\":{\"@type\":\"ImageObject\",\"inLanguage\":\"es-DO\",\"@id\":\"https:\\\/\\\/crisbaez.com\\\/#\\\/schema\\\/logo\\\/image\\\/\",\"url\":\"https:\\\/\\\/i0.wp.com\\\/crisbaez.com\\\/wp-content\\\/uploads\\\/2022\\\/07\\\/cropped-CRISBAEZ-Horizontal-otra-v-scaled-1.jpg?fit=2560%2C1062&ssl=1\",\"contentUrl\":\"https:\\\/\\\/i0.wp.com\\\/crisbaez.com\\\/wp-content\\\/uploads\\\/2022\\\/07\\\/cropped-CRISBAEZ-Horizontal-otra-v-scaled-1.jpg?fit=2560%2C1062&ssl=1\",\"width\":2560,\"height\":1062,\"caption\":\"Cristian Baez\"},\"image\":{\"@id\":\"https:\\\/\\\/crisbaez.com\\\/#\\\/schema\\\/logo\\\/image\\\/\"}}]}<\/script>\n<!-- \/ Yoast SEO plugin. -->","yoast_head_json":{"title":"DERECHO INMOBILIARIO - Cristian Baez","robots":{"index":"index","follow":"follow","max-snippet":"max-snippet:-1","max-image-preview":"max-image-preview:large","max-video-preview":"max-video-preview:-1"},"canonical":"https:\/\/crisbaez.com\/?page_id=155","og_locale":"es_ES","og_type":"article","og_title":"DERECHO INMOBILIARIO - Cristian Baez","og_description":"Es la rama del derecho que se encarga del estudio, an\u00e1lisis y regulaci\u00f3n normativa de los bienes inmuebles. En nuestro sistema, tiene un enfoque registral, en tanto se ocupa del sistema normativo que rige el registro inmobiliario, en cuanto al nacimiento, adquisici\u00f3n, modificaci\u00f3n, transmisi\u00f3n, inscripci\u00f3n, publicidad y extinci\u00f3n de los derechos de propiedad sobre bienes [&hellip;]","og_url":"https:\/\/crisbaez.com\/?page_id=155","og_site_name":"Cristian Baez","article_modified_time":"2022-07-11T14:18:48+00:00","twitter_card":"summary_large_image","twitter_misc":{"Est. reading time":"1 minuto"},"schema":{"@context":"https:\/\/schema.org","@graph":[{"@type":"WebPage","@id":"https:\/\/crisbaez.com\/?page_id=155","url":"https:\/\/crisbaez.com\/?page_id=155","name":"DERECHO INMOBILIARIO - Cristian Baez","isPartOf":{"@id":"https:\/\/crisbaez.com\/#website"},"datePublished":"2022-07-11T14:18:46+00:00","dateModified":"2022-07-11T14:18:48+00:00","breadcrumb":{"@id":"https:\/\/crisbaez.com\/?page_id=155#breadcrumb"},"inLanguage":"es-DO","potentialAction":[{"@type":"ReadAction","target":["https:\/\/crisbaez.com\/?page_id=155"]}]},{"@type":"BreadcrumbList","@id":"https:\/\/crisbaez.com\/?page_id=155#breadcrumb","itemListElement":[{"@type":"ListItem","position":1,"name":"Home","item":"https:\/\/crisbaez.com\/"},{"@type":"ListItem","position":2,"name":"DERECHO INMOBILIARIO"}]},{"@type":"WebSite","@id":"https:\/\/crisbaez.com\/#website","url":"https:\/\/crisbaez.com\/","name":"Cristian Baez","description":"","publisher":{"@id":"https:\/\/crisbaez.com\/#organization"},"potentialAction":[{"@type":"SearchAction","target":{"@type":"EntryPoint","urlTemplate":"https:\/\/crisbaez.com\/?s={search_term_string}"},"query-input":{"@type":"PropertyValueSpecification","valueRequired":true,"valueName":"search_term_string"}}],"inLanguage":"es-DO"},{"@type":"Organization","@id":"https:\/\/crisbaez.com\/#organization","name":"Cristian Baez","url":"https:\/\/crisbaez.com\/","logo":{"@type":"ImageObject","inLanguage":"es-DO","@id":"https:\/\/crisbaez.com\/#\/schema\/logo\/image\/","url":"https:\/\/i0.wp.com\/crisbaez.com\/wp-content\/uploads\/2022\/07\/cropped-CRISBAEZ-Horizontal-otra-v-scaled-1.jpg?fit=2560%2C1062&ssl=1","contentUrl":"https:\/\/i0.wp.com\/crisbaez.com\/wp-content\/uploads\/2022\/07\/cropped-CRISBAEZ-Horizontal-otra-v-scaled-1.jpg?fit=2560%2C1062&ssl=1","width":2560,"height":1062,"caption":"Cristian Baez"},"image":{"@id":"https:\/\/crisbaez.com\/#\/schema\/logo\/image\/"}}]}},"jetpack_sharing_enabled":true,"_links":{"self":[{"href":"https:\/\/crisbaez.com\/index.php?rest_route=\/wp\/v2\/pages\/155","targetHints":{"allow":["GET"]}}],"collection":[{"href":"https:\/\/crisbaez.com\/index.php?rest_route=\/wp\/v2\/pages"}],"about":[{"href":"https:\/\/crisbaez.com\/index.php?rest_route=\/wp\/v2\/types\/page"}],"author":[{"embeddable":true,"href":"https:\/\/crisbaez.com\/index.php?rest_route=\/wp\/v2\/users\/2"}],"replies":[{"embeddable":true,"href":"https:\/\/crisbaez.com\/index.php?rest_route=%2Fwp%2Fv2%2Fcomments&post=155"}],"version-history":[{"count":1,"href":"https:\/\/crisbaez.com\/index.php?rest_route=\/wp\/v2\/pages\/155\/revisions"}],"predecessor-version":[{"id":156,"href":"https:\/\/crisbaez.com\/index.php?rest_route=\/wp\/v2\/pages\/155\/revisions\/156"}],"wp:attachment":[{"href":"https:\/\/crisbaez.com\/index.php?rest_route=%2Fwp%2Fv2%2Fmedia&parent=155"}],"curies":[{"name":"wp","href":"https:\/\/api.w.org\/{rel}","templated":true}]}}