{"id":161,"date":"2022-07-11T14:29:59","date_gmt":"2022-07-11T14:29:59","guid":{"rendered":"https:\/\/crisbaez.com\/?page_id=161"},"modified":"2022-07-11T14:30:02","modified_gmt":"2022-07-11T14:30:02","slug":"derecho-migratorio","status":"publish","type":"page","link":"https:\/\/crisbaez.com\/?page_id=161","title":{"rendered":"DERECHO MIGRATORIO"},"content":{"rendered":"\n<p class=\"has-text-align-center\">Aunque sin un concepto un\u00edsono, el Derecho Migratorio es entendido por algunos como el \u00e1rea del derecho P\u00fablico que regula el fen\u00f3meno de movimiento y desplazamiento internacional de personas. En consecuencias, su regulaci\u00f3n es consustancial con la soberan\u00eda de cada estado.<\/p>\n\n\n\n<p class=\"has-text-align-center\">En este deber (regulador), los Estados observan, en consonancia con su derecho sustantivo, las normas transnacionales que persiguen la protecci\u00f3n de los derechos de los migrantes, as\u00ed como las que protegen las fronteras y las aduanas. Por ello, su regulaci\u00f3n es absolutamente compleja y su abordaje requiere de pericia suficiente para dar respuestas eficaces a las necesidades del migrante.<\/p>\n\n\n\n<p class=\"has-text-align-center\">En CRISBAEZ Abogados &amp; Consultores contamos con el personal especializado en Consultor\u00eda de migraci\u00f3n internacional para atender sus necesidades.&nbsp;<\/p>\n","protected":false},"excerpt":{"rendered":"<p>Aunque sin un concepto un\u00edsono, el Derecho Migratorio es entendido por algunos como el \u00e1rea del derecho P\u00fablico que regula el fen\u00f3meno de movimiento y desplazamiento internacional de personas. En consecuencias, su regulaci\u00f3n es consustancial con la soberan\u00eda de cada estado. En este deber (regulador), los Estados observan, en consonancia con su derecho sustantivo, las [&hellip;]<\/p>\n","protected":false},"author":2,"featured_media":0,"parent":0,"menu_order":0,"comment_status":"closed","ping_status":"closed","template":"","meta":{"nf_dc_page":"","_monsterinsights_skip_tracking":false,"_monsterinsights_sitenote_active":false,"_monsterinsights_sitenote_note":"","_monsterinsights_sitenote_category":0,"footnotes":""},"class_list":["post-161","page","type-page","status-publish","hentry"],"yoast_head":"<!-- This site is optimized with the Yoast SEO plugin v27.6 - https:\/\/yoast.com\/product\/yoast-seo-wordpress\/ -->\n<title>DERECHO MIGRATORIO - Cristian Baez<\/title>\n<meta name=\"robots\" content=\"index, follow, max-snippet:-1, max-image-preview:large, max-video-preview:-1\" \/>\n<link rel=\"canonical\" href=\"https:\/\/crisbaez.com\/?page_id=161\" \/>\n<meta property=\"og:locale\" content=\"es_ES\" \/>\n<meta property=\"og:type\" content=\"article\" \/>\n<meta property=\"og:title\" content=\"DERECHO MIGRATORIO - Cristian Baez\" \/>\n<meta property=\"og:description\" content=\"Aunque sin un concepto un\u00edsono, el Derecho Migratorio es entendido por algunos como el \u00e1rea del derecho P\u00fablico que regula el fen\u00f3meno de movimiento y desplazamiento internacional de personas. En consecuencias, su regulaci\u00f3n es consustancial con la soberan\u00eda de cada estado. En este deber (regulador), los Estados observan, en consonancia con su derecho sustantivo, las [&hellip;]\" \/>\n<meta property=\"og:url\" content=\"https:\/\/crisbaez.com\/?page_id=161\" \/>\n<meta property=\"og:site_name\" content=\"Cristian Baez\" \/>\n<meta property=\"article:modified_time\" content=\"2022-07-11T14:30:02+00:00\" \/>\n<meta name=\"twitter:card\" content=\"summary_large_image\" \/>\n<meta name=\"twitter:label1\" content=\"Est. reading time\" \/>\n\t<meta name=\"twitter:data1\" content=\"1 minuto\" \/>\n<script type=\"application\/ld+json\" class=\"yoast-schema-graph\">{\"@context\":\"https:\\\/\\\/schema.org\",\"@graph\":[{\"@type\":\"WebPage\",\"@id\":\"https:\\\/\\\/crisbaez.com\\\/?page_id=161\",\"url\":\"https:\\\/\\\/crisbaez.com\\\/?page_id=161\",\"name\":\"DERECHO MIGRATORIO - Cristian Baez\",\"isPartOf\":{\"@id\":\"https:\\\/\\\/crisbaez.com\\\/#website\"},\"datePublished\":\"2022-07-11T14:29:59+00:00\",\"dateModified\":\"2022-07-11T14:30:02+00:00\",\"breadcrumb\":{\"@id\":\"https:\\\/\\\/crisbaez.com\\\/?page_id=161#breadcrumb\"},\"inLanguage\":\"es-DO\",\"potentialAction\":[{\"@type\":\"ReadAction\",\"target\":[\"https:\\\/\\\/crisbaez.com\\\/?page_id=161\"]}]},{\"@type\":\"BreadcrumbList\",\"@id\":\"https:\\\/\\\/crisbaez.com\\\/?page_id=161#breadcrumb\",\"itemListElement\":[{\"@type\":\"ListItem\",\"position\":1,\"name\":\"Home\",\"item\":\"https:\\\/\\\/crisbaez.com\\\/\"},{\"@type\":\"ListItem\",\"position\":2,\"name\":\"DERECHO MIGRATORIO\"}]},{\"@type\":\"WebSite\",\"@id\":\"https:\\\/\\\/crisbaez.com\\\/#website\",\"url\":\"https:\\\/\\\/crisbaez.com\\\/\",\"name\":\"Cristian Baez\",\"description\":\"\",\"publisher\":{\"@id\":\"https:\\\/\\\/crisbaez.com\\\/#organization\"},\"potentialAction\":[{\"@type\":\"SearchAction\",\"target\":{\"@type\":\"EntryPoint\",\"urlTemplate\":\"https:\\\/\\\/crisbaez.com\\\/?s={search_term_string}\"},\"query-input\":{\"@type\":\"PropertyValueSpecification\",\"valueRequired\":true,\"valueName\":\"search_term_string\"}}],\"inLanguage\":\"es-DO\"},{\"@type\":\"Organization\",\"@id\":\"https:\\\/\\\/crisbaez.com\\\/#organization\",\"name\":\"Cristian Baez\",\"url\":\"https:\\\/\\\/crisbaez.com\\\/\",\"logo\":{\"@type\":\"ImageObject\",\"inLanguage\":\"es-DO\",\"@id\":\"https:\\\/\\\/crisbaez.com\\\/#\\\/schema\\\/logo\\\/image\\\/\",\"url\":\"https:\\\/\\\/i0.wp.com\\\/crisbaez.com\\\/wp-content\\\/uploads\\\/2022\\\/07\\\/cropped-CRISBAEZ-Horizontal-otra-v-scaled-1.jpg?fit=2560%2C1062&ssl=1\",\"contentUrl\":\"https:\\\/\\\/i0.wp.com\\\/crisbaez.com\\\/wp-content\\\/uploads\\\/2022\\\/07\\\/cropped-CRISBAEZ-Horizontal-otra-v-scaled-1.jpg?fit=2560%2C1062&ssl=1\",\"width\":2560,\"height\":1062,\"caption\":\"Cristian Baez\"},\"image\":{\"@id\":\"https:\\\/\\\/crisbaez.com\\\/#\\\/schema\\\/logo\\\/image\\\/\"}}]}<\/script>\n<!-- \/ Yoast SEO plugin. -->","yoast_head_json":{"title":"DERECHO MIGRATORIO - Cristian Baez","robots":{"index":"index","follow":"follow","max-snippet":"max-snippet:-1","max-image-preview":"max-image-preview:large","max-video-preview":"max-video-preview:-1"},"canonical":"https:\/\/crisbaez.com\/?page_id=161","og_locale":"es_ES","og_type":"article","og_title":"DERECHO MIGRATORIO - Cristian Baez","og_description":"Aunque sin un concepto un\u00edsono, el Derecho Migratorio es entendido por algunos como el \u00e1rea del derecho P\u00fablico que regula el fen\u00f3meno de movimiento y desplazamiento internacional de personas. En consecuencias, su regulaci\u00f3n es consustancial con la soberan\u00eda de cada estado. En este deber (regulador), los Estados observan, en consonancia con su derecho sustantivo, las [&hellip;]","og_url":"https:\/\/crisbaez.com\/?page_id=161","og_site_name":"Cristian Baez","article_modified_time":"2022-07-11T14:30:02+00:00","twitter_card":"summary_large_image","twitter_misc":{"Est. reading time":"1 minuto"},"schema":{"@context":"https:\/\/schema.org","@graph":[{"@type":"WebPage","@id":"https:\/\/crisbaez.com\/?page_id=161","url":"https:\/\/crisbaez.com\/?page_id=161","name":"DERECHO MIGRATORIO - Cristian Baez","isPartOf":{"@id":"https:\/\/crisbaez.com\/#website"},"datePublished":"2022-07-11T14:29:59+00:00","dateModified":"2022-07-11T14:30:02+00:00","breadcrumb":{"@id":"https:\/\/crisbaez.com\/?page_id=161#breadcrumb"},"inLanguage":"es-DO","potentialAction":[{"@type":"ReadAction","target":["https:\/\/crisbaez.com\/?page_id=161"]}]},{"@type":"BreadcrumbList","@id":"https:\/\/crisbaez.com\/?page_id=161#breadcrumb","itemListElement":[{"@type":"ListItem","position":1,"name":"Home","item":"https:\/\/crisbaez.com\/"},{"@type":"ListItem","position":2,"name":"DERECHO MIGRATORIO"}]},{"@type":"WebSite","@id":"https:\/\/crisbaez.com\/#website","url":"https:\/\/crisbaez.com\/","name":"Cristian Baez","description":"","publisher":{"@id":"https:\/\/crisbaez.com\/#organization"},"potentialAction":[{"@type":"SearchAction","target":{"@type":"EntryPoint","urlTemplate":"https:\/\/crisbaez.com\/?s={search_term_string}"},"query-input":{"@type":"PropertyValueSpecification","valueRequired":true,"valueName":"search_term_string"}}],"inLanguage":"es-DO"},{"@type":"Organization","@id":"https:\/\/crisbaez.com\/#organization","name":"Cristian Baez","url":"https:\/\/crisbaez.com\/","logo":{"@type":"ImageObject","inLanguage":"es-DO","@id":"https:\/\/crisbaez.com\/#\/schema\/logo\/image\/","url":"https:\/\/i0.wp.com\/crisbaez.com\/wp-content\/uploads\/2022\/07\/cropped-CRISBAEZ-Horizontal-otra-v-scaled-1.jpg?fit=2560%2C1062&ssl=1","contentUrl":"https:\/\/i0.wp.com\/crisbaez.com\/wp-content\/uploads\/2022\/07\/cropped-CRISBAEZ-Horizontal-otra-v-scaled-1.jpg?fit=2560%2C1062&ssl=1","width":2560,"height":1062,"caption":"Cristian Baez"},"image":{"@id":"https:\/\/crisbaez.com\/#\/schema\/logo\/image\/"}}]}},"jetpack_sharing_enabled":true,"_links":{"self":[{"href":"https:\/\/crisbaez.com\/index.php?rest_route=\/wp\/v2\/pages\/161","targetHints":{"allow":["GET"]}}],"collection":[{"href":"https:\/\/crisbaez.com\/index.php?rest_route=\/wp\/v2\/pages"}],"about":[{"href":"https:\/\/crisbaez.com\/index.php?rest_route=\/wp\/v2\/types\/page"}],"author":[{"embeddable":true,"href":"https:\/\/crisbaez.com\/index.php?rest_route=\/wp\/v2\/users\/2"}],"replies":[{"embeddable":true,"href":"https:\/\/crisbaez.com\/index.php?rest_route=%2Fwp%2Fv2%2Fcomments&post=161"}],"version-history":[{"count":1,"href":"https:\/\/crisbaez.com\/index.php?rest_route=\/wp\/v2\/pages\/161\/revisions"}],"predecessor-version":[{"id":162,"href":"https:\/\/crisbaez.com\/index.php?rest_route=\/wp\/v2\/pages\/161\/revisions\/162"}],"wp:attachment":[{"href":"https:\/\/crisbaez.com\/index.php?rest_route=%2Fwp%2Fv2%2Fmedia&parent=161"}],"curies":[{"name":"wp","href":"https:\/\/api.w.org\/{rel}","templated":true}]}}