{"id":210,"date":"2023-05-26T13:38:46","date_gmt":"2023-05-26T13:38:46","guid":{"rendered":"https:\/\/crisbaez.com\/?page_id=210"},"modified":"2023-06-21T16:10:17","modified_gmt":"2023-06-21T16:10:17","slug":"biblioteca-digital","status":"publish","type":"page","link":"https:\/\/crisbaez.com\/?page_id=210","title":{"rendered":"Biblioteca Digital"},"content":{"rendered":"\n<h2 class=\"wp-block-heading\">Las 40 Recomendaciones del GAFI<\/h2>\n\n\n\n<div data-wp-interactive=\"core\/file\" class=\"wp-block-file\"><object data-wp-bind--hidden=\"!state.hasPdfPreview\" hidden class=\"wp-block-file__embed\" data=\"https:\/\/crisbaez.com\/wp-content\/uploads\/2023\/05\/RECOMENDACIONES-DEL-GAFI.pdf\" type=\"application\/pdf\" style=\"width:100%;height:600px\" aria-label=\"Embed of RECOMENDACIONES-DEL-GAFI.\"><\/object><a id=\"wp-block-file--media-17754211-a975-4906-a8b7-1512dbb7f4fd\" href=\"https:\/\/crisbaez.com\/wp-content\/uploads\/2023\/05\/RECOMENDACIONES-DEL-GAFI.pdf\">RECOMENDACIONES-DEL-GAFI<\/a><a href=\"https:\/\/crisbaez.com\/wp-content\/uploads\/2023\/05\/RECOMENDACIONES-DEL-GAFI.pdf\" class=\"wp-block-file__button wp-element-button\" download aria-describedby=\"wp-block-file--media-17754211-a975-4906-a8b7-1512dbb7f4fd\">Descarga<\/a><\/div>\n\n\n\n<h2 class=\"wp-block-heading\">Disposiciones contra el Soborno, Libros y Registros de<br>la Ley de Pr\u00e1cticas Corruptas en el Extranjero<\/h2>\n\n\n\n<div data-wp-interactive=\"core\/file\" class=\"wp-block-file\"><object data-wp-bind--hidden=\"!state.hasPdfPreview\" hidden class=\"wp-block-file__embed\" data=\"https:\/\/crisbaez.com\/wp-content\/uploads\/2023\/05\/Disposiciones-contra-el-soborno-y-sobre-libros-y-registros.pdf\" type=\"application\/pdf\" style=\"width:100%;height:600px\" aria-label=\"Embed of Disposiciones-contra-el-soborno-y-sobre-libros-y-registros.\"><\/object><a id=\"wp-block-file--media-6b13cda0-ce64-4ee0-bcec-5c6526298c45\" href=\"https:\/\/crisbaez.com\/wp-content\/uploads\/2023\/05\/Disposiciones-contra-el-soborno-y-sobre-libros-y-registros.pdf\">Disposiciones-contra-el-soborno-y-sobre-libros-y-registros<\/a><a href=\"https:\/\/crisbaez.com\/wp-content\/uploads\/2023\/05\/Disposiciones-contra-el-soborno-y-sobre-libros-y-registros.pdf\" class=\"wp-block-file__button wp-element-button\" download aria-describedby=\"wp-block-file--media-6b13cda0-ce64-4ee0-bcec-5c6526298c45\">Descarga<\/a><\/div>\n\n\n\n<h2 class=\"wp-block-heading\">Acuerdo sobre Extradici\u00f3n entre el Mercosur, la Rep\u00fablica de Bolivia y la Rep\u00fablica de Chile<\/h2>\n\n\n\n<div data-wp-interactive=\"core\/file\" class=\"wp-block-file\"><object data-wp-bind--hidden=\"!state.hasPdfPreview\" hidden class=\"wp-block-file__embed\" data=\"https:\/\/crisbaez.com\/wp-content\/uploads\/2023\/05\/ACUERDO-SOBRE-EXTRADICION-ENTRE-EL-MERCOSUR-LA-REPUBLICA-DE.pdf\" type=\"application\/pdf\" style=\"width:100%;height:600px\" aria-label=\"Embed of ACUERDO-SOBRE-EXTRADICION-ENTRE-EL-MERCOSUR-LA-REPUBLICA-DE.\"><\/object><a id=\"wp-block-file--media-12b85a01-36ca-43d0-b7f6-0fa92df5edad\" href=\"https:\/\/crisbaez.com\/wp-content\/uploads\/2023\/05\/ACUERDO-SOBRE-EXTRADICION-ENTRE-EL-MERCOSUR-LA-REPUBLICA-DE.pdf\">ACUERDO-SOBRE-EXTRADICION-ENTRE-EL-MERCOSUR-LA-REPUBLICA-DE<\/a><a href=\"https:\/\/crisbaez.com\/wp-content\/uploads\/2023\/05\/ACUERDO-SOBRE-EXTRADICION-ENTRE-EL-MERCOSUR-LA-REPUBLICA-DE.pdf\" class=\"wp-block-file__button wp-element-button\" download aria-describedby=\"wp-block-file--media-12b85a01-36ca-43d0-b7f6-0fa92df5edad\">Descarga<\/a><\/div>\n\n\n\n<h2 class=\"wp-block-heading\">Convenci\u00f3n Interamericana contra Corrupci\u00f3n (b-58)<\/h2>\n\n\n\n<div data-wp-interactive=\"core\/file\" class=\"wp-block-file\"><object data-wp-bind--hidden=\"!state.hasPdfPreview\" hidden class=\"wp-block-file__embed\" data=\"https:\/\/crisbaez.com\/wp-content\/uploads\/2023\/05\/CONVENCION-INTERAMERICANA-CONTRA-LA-CORRUPCION-B-58.pdf\" type=\"application\/pdf\" style=\"width:100%;height:600px\" aria-label=\"Embed of CONVENCION-INTERAMERICANA-CONTRA-LA-CORRUPCION-B-58.\"><\/object><a id=\"wp-block-file--media-5be98e2f-1072-498b-86d5-8dcc0d39fe7a\" href=\"https:\/\/crisbaez.com\/wp-content\/uploads\/2023\/05\/CONVENCION-INTERAMERICANA-CONTRA-LA-CORRUPCION-B-58.pdf\">CONVENCION-INTERAMERICANA-CONTRA-LA-CORRUPCION-B-58<\/a><a href=\"https:\/\/crisbaez.com\/wp-content\/uploads\/2023\/05\/CONVENCION-INTERAMERICANA-CONTRA-LA-CORRUPCION-B-58.pdf\" class=\"wp-block-file__button wp-element-button\" download aria-describedby=\"wp-block-file--media-5be98e2f-1072-498b-86d5-8dcc0d39fe7a\">Descarga<\/a><\/div>\n\n\n\n<h2 class=\"wp-block-heading\">Reglamento de Mercado de Valores 664-12<\/h2>\n\n\n\n<div data-wp-interactive=\"core\/file\" class=\"wp-block-file\"><object data-wp-bind--hidden=\"!state.hasPdfPreview\" hidden class=\"wp-block-file__embed\" data=\"https:\/\/crisbaez.com\/wp-content\/uploads\/2023\/06\/Reglamento-de-Mercado-de-Valores-664-12.pdf\" type=\"application\/pdf\" style=\"width:100%;height:600px\" aria-label=\"Embed of Reglamento-de-Mercado-de-Valores-664-12.\"><\/object><a id=\"wp-block-file--media-1bf7c22f-0805-4fc4-abe0-2b1d8ffc84ec\" href=\"https:\/\/crisbaez.com\/wp-content\/uploads\/2023\/06\/Reglamento-de-Mercado-de-Valores-664-12.pdf\">Reglamento-de-Mercado-de-Valores-664-12<\/a><a href=\"https:\/\/crisbaez.com\/wp-content\/uploads\/2023\/06\/Reglamento-de-Mercado-de-Valores-664-12.pdf\" class=\"wp-block-file__button wp-element-button\" download aria-describedby=\"wp-block-file--media-1bf7c22f-0805-4fc4-abe0-2b1d8ffc84ec\">Descarga<\/a><\/div>\n\n\n\n<h2 class=\"wp-block-heading\">Ley 140-15 del Notariado<\/h2>\n\n\n\n<div data-wp-interactive=\"core\/file\" class=\"wp-block-file\"><object data-wp-bind--hidden=\"!state.hasPdfPreview\" hidden class=\"wp-block-file__embed\" data=\"https:\/\/crisbaez.com\/wp-content\/uploads\/2023\/06\/LEY-140-15-ley_notariado.pdf\" type=\"application\/pdf\" style=\"width:100%;height:600px\" aria-label=\"Embed of LEY-140-15-ley_notariado.\"><\/object><a id=\"wp-block-file--media-0cb2c206-e21d-4829-b09c-e6cdfd9a1be2\" href=\"https:\/\/crisbaez.com\/wp-content\/uploads\/2023\/06\/LEY-140-15-ley_notariado.pdf\">LEY-140-15-ley_notariado<\/a><a href=\"https:\/\/crisbaez.com\/wp-content\/uploads\/2023\/06\/LEY-140-15-ley_notariado.pdf\" class=\"wp-block-file__button wp-element-button\" download aria-describedby=\"wp-block-file--media-0cb2c206-e21d-4829-b09c-e6cdfd9a1be2\">Descarga<\/a><\/div>\n\n\n\n<h2 class=\"wp-block-heading\">Convenci\u00f3n de la NU contra la Corrupci\u00f3n<\/h2>\n\n\n\n<div data-wp-interactive=\"core\/file\" class=\"wp-block-file\"><object data-wp-bind--hidden=\"!state.hasPdfPreview\" hidden class=\"wp-block-file__embed\" data=\"https:\/\/crisbaez.com\/wp-content\/uploads\/2023\/06\/Convencion_de_las_NU_contra_la_Corrupcion.pdf\" type=\"application\/pdf\" style=\"width:100%;height:600px\" aria-label=\"Embed of Convencion_de_las_NU_contra_la_Corrupcion.\"><\/object><a id=\"wp-block-file--media-b9e492d3-3974-461e-acb5-d0b0d28b133a\" href=\"https:\/\/crisbaez.com\/wp-content\/uploads\/2023\/06\/Convencion_de_las_NU_contra_la_Corrupcion.pdf\">Convencion_de_las_NU_contra_la_Corrupcion<\/a><a href=\"https:\/\/crisbaez.com\/wp-content\/uploads\/2023\/06\/Convencion_de_las_NU_contra_la_Corrupcion.pdf\" class=\"wp-block-file__button wp-element-button\" download aria-describedby=\"wp-block-file--media-b9e492d3-3974-461e-acb5-d0b0d28b133a\">Descarga<\/a><\/div>\n\n\n\n<h2 class=\"wp-block-heading\">Convenci\u00f3n de la Uni\u00f3n Africana contra la Corrupci\u00f3n<\/h2>\n\n\n\n<div data-wp-interactive=\"core\/file\" class=\"wp-block-file\"><object data-wp-bind--hidden=\"!state.hasPdfPreview\" hidden class=\"wp-block-file__embed\" data=\"https:\/\/crisbaez.com\/wp-content\/uploads\/2023\/06\/Convencion-de-la-Union-Africana-contra-la-Corrupcion.pdf\" type=\"application\/pdf\" style=\"width:100%;height:600px\" aria-label=\"Embed of Convencion-de-la-Union-Africana-contra-la-Corrupcion.\"><\/object><a id=\"wp-block-file--media-aef64841-9518-42a6-ad85-ff7cb615e26b\" href=\"https:\/\/crisbaez.com\/wp-content\/uploads\/2023\/06\/Convencion-de-la-Union-Africana-contra-la-Corrupcion.pdf\">Convencion-de-la-Union-Africana-contra-la-Corrupcion<\/a><a href=\"https:\/\/crisbaez.com\/wp-content\/uploads\/2023\/06\/Convencion-de-la-Union-Africana-contra-la-Corrupcion.pdf\" class=\"wp-block-file__button wp-element-button\" download aria-describedby=\"wp-block-file--media-aef64841-9518-42a6-ad85-ff7cb615e26b\">Descarga<\/a><\/div>\n\n\n\n<h2 class=\"wp-block-heading\">Convenio de Estrasburgo<\/h2>\n\n\n\n<div data-wp-interactive=\"core\/file\" class=\"wp-block-file\"><object data-wp-bind--hidden=\"!state.hasPdfPreview\" hidden class=\"wp-block-file__embed\" data=\"https:\/\/crisbaez.com\/wp-content\/uploads\/2023\/06\/Convenio-de-Estrasburgo.pdf\" type=\"application\/pdf\" style=\"width:100%;height:600px\" aria-label=\"Embed of Convenio-de-Estrasburgo.\"><\/object><a id=\"wp-block-file--media-46ecbe7c-8221-475e-b144-e352c1750d25\" href=\"https:\/\/crisbaez.com\/wp-content\/uploads\/2023\/06\/Convenio-de-Estrasburgo.pdf\">Convenio-de-Estrasburgo<\/a><a href=\"https:\/\/crisbaez.com\/wp-content\/uploads\/2023\/06\/Convenio-de-Estrasburgo.pdf\" class=\"wp-block-file__button wp-element-button\" download aria-describedby=\"wp-block-file--media-46ecbe7c-8221-475e-b144-e352c1750d25\">Descarga<\/a><\/div>\n\n\n\n<h2 class=\"wp-block-heading\">Convenio DGCP-UAF 2017<\/h2>\n\n\n\n<div data-wp-interactive=\"core\/file\" class=\"wp-block-file\"><object data-wp-bind--hidden=\"!state.hasPdfPreview\" hidden class=\"wp-block-file__embed\" data=\"https:\/\/crisbaez.com\/wp-content\/uploads\/2023\/06\/Convenio-DGCP-UAF-2017.pdf\" type=\"application\/pdf\" style=\"width:100%;height:600px\" aria-label=\"Embed of Convenio-DGCP-UAF-2017.\"><\/object><a id=\"wp-block-file--media-409d13ca-c9e7-4b02-9414-1b6e08328b86\" href=\"https:\/\/crisbaez.com\/wp-content\/uploads\/2023\/06\/Convenio-DGCP-UAF-2017.pdf\">Convenio-DGCP-UAF-2017<\/a><a href=\"https:\/\/crisbaez.com\/wp-content\/uploads\/2023\/06\/Convenio-DGCP-UAF-2017.pdf\" class=\"wp-block-file__button wp-element-button\" download aria-describedby=\"wp-block-file--media-409d13ca-c9e7-4b02-9414-1b6e08328b86\">Descarga<\/a><\/div>\n\n\n\n<h2 class=\"wp-block-heading\">Convenio de la OCDE de lucha contra la corrupci\u00f3n de agentes p\u00fablicos extranjeros en las transacciones comerciales internacionales<\/h2>\n\n\n\n<div data-wp-interactive=\"core\/file\" class=\"wp-block-file\"><object data-wp-bind--hidden=\"!state.hasPdfPreview\" hidden class=\"wp-block-file__embed\" data=\"https:\/\/crisbaez.com\/wp-content\/uploads\/2023\/06\/Convenio_de_la_OCDE_de_lucha_contra_la_corrupcion_de_agentes_publicos_extranjeros_en_las_transaccio.pdf\" type=\"application\/pdf\" style=\"width:100%;height:600px\" aria-label=\"Embed of Convenio_de_la_OCDE_de_lucha_contra_la_corrupcion_de_agentes_publicos_extranjeros_en_las_transaccio.\"><\/object><a id=\"wp-block-file--media-123903e2-f857-4bdd-bb3a-3b18d6930e22\" href=\"https:\/\/crisbaez.com\/wp-content\/uploads\/2023\/06\/Convenio_de_la_OCDE_de_lucha_contra_la_corrupcion_de_agentes_publicos_extranjeros_en_las_transaccio.pdf\">Convenio_de_la_OCDE_de_lucha_contra_la_corrupcion_de_agentes_publicos_extranjeros_en_las_transaccio<\/a><a href=\"https:\/\/crisbaez.com\/wp-content\/uploads\/2023\/06\/Convenio_de_la_OCDE_de_lucha_contra_la_corrupcion_de_agentes_publicos_extranjeros_en_las_transaccio.pdf\" class=\"wp-block-file__button wp-element-button\" download aria-describedby=\"wp-block-file--media-123903e2-f857-4bdd-bb3a-3b18d6930e22\">Descarga<\/a><\/div>\n","protected":false},"excerpt":{"rendered":"<p>Las 40 Recomendaciones del GAFI Disposiciones contra el Soborno, Libros y Registros dela Ley de Pr\u00e1cticas Corruptas en el Extranjero Acuerdo sobre Extradici\u00f3n entre el Mercosur, la Rep\u00fablica de Bolivia y la Rep\u00fablica de Chile Convenci\u00f3n Interamericana contra Corrupci\u00f3n (b-58) Reglamento de Mercado de Valores 664-12 Ley 140-15 del Notariado Convenci\u00f3n de la NU contra [&hellip;]<\/p>\n","protected":false},"author":2,"featured_media":0,"parent":0,"menu_order":0,"comment_status":"closed","ping_status":"closed","template":"","meta":{"nf_dc_page":"","_monsterinsights_skip_tracking":false,"_monsterinsights_sitenote_active":false,"_monsterinsights_sitenote_note":"","_monsterinsights_sitenote_category":0,"footnotes":""},"class_list":["post-210","page","type-page","status-publish","hentry"],"yoast_head":"<!-- This site is optimized with the Yoast SEO plugin v27.3 - https:\/\/yoast.com\/product\/yoast-seo-wordpress\/ -->\n<title>Biblioteca Digital - Cristian Baez<\/title>\n<meta name=\"robots\" content=\"index, follow, max-snippet:-1, max-image-preview:large, max-video-preview:-1\" \/>\n<link rel=\"canonical\" href=\"https:\/\/crisbaez.com\/?page_id=210\" \/>\n<meta property=\"og:locale\" content=\"es_ES\" \/>\n<meta property=\"og:type\" content=\"article\" \/>\n<meta property=\"og:title\" content=\"Biblioteca Digital - Cristian Baez\" \/>\n<meta property=\"og:description\" content=\"Las 40 Recomendaciones del GAFI Disposiciones contra el Soborno, Libros y Registros dela Ley de Pr\u00e1cticas Corruptas en el Extranjero Acuerdo sobre Extradici\u00f3n entre el Mercosur, la Rep\u00fablica de Bolivia y la Rep\u00fablica de Chile Convenci\u00f3n Interamericana contra Corrupci\u00f3n (b-58) Reglamento de Mercado de Valores 664-12 Ley 140-15 del Notariado Convenci\u00f3n de la NU contra [&hellip;]\" \/>\n<meta property=\"og:url\" content=\"https:\/\/crisbaez.com\/?page_id=210\" \/>\n<meta property=\"og:site_name\" content=\"Cristian Baez\" \/>\n<meta property=\"article:modified_time\" content=\"2023-06-21T16:10:17+00:00\" \/>\n<meta name=\"twitter:card\" content=\"summary_large_image\" \/>\n<meta name=\"twitter:label1\" content=\"Est. reading time\" \/>\n\t<meta name=\"twitter:data1\" content=\"1 minuto\" \/>\n<script type=\"application\/ld+json\" class=\"yoast-schema-graph\">{\"@context\":\"https:\\\/\\\/schema.org\",\"@graph\":[{\"@type\":\"WebPage\",\"@id\":\"https:\\\/\\\/crisbaez.com\\\/?page_id=210\",\"url\":\"https:\\\/\\\/crisbaez.com\\\/?page_id=210\",\"name\":\"Biblioteca Digital - Cristian Baez\",\"isPartOf\":{\"@id\":\"https:\\\/\\\/crisbaez.com\\\/#website\"},\"datePublished\":\"2023-05-26T13:38:46+00:00\",\"dateModified\":\"2023-06-21T16:10:17+00:00\",\"breadcrumb\":{\"@id\":\"https:\\\/\\\/crisbaez.com\\\/?page_id=210#breadcrumb\"},\"inLanguage\":\"es-DO\",\"potentialAction\":[{\"@type\":\"ReadAction\",\"target\":[\"https:\\\/\\\/crisbaez.com\\\/?page_id=210\"]}]},{\"@type\":\"BreadcrumbList\",\"@id\":\"https:\\\/\\\/crisbaez.com\\\/?page_id=210#breadcrumb\",\"itemListElement\":[{\"@type\":\"ListItem\",\"position\":1,\"name\":\"Home\",\"item\":\"https:\\\/\\\/crisbaez.com\\\/\"},{\"@type\":\"ListItem\",\"position\":2,\"name\":\"Biblioteca Digital\"}]},{\"@type\":\"WebSite\",\"@id\":\"https:\\\/\\\/crisbaez.com\\\/#website\",\"url\":\"https:\\\/\\\/crisbaez.com\\\/\",\"name\":\"Cristian Baez\",\"description\":\"\",\"publisher\":{\"@id\":\"https:\\\/\\\/crisbaez.com\\\/#organization\"},\"potentialAction\":[{\"@type\":\"SearchAction\",\"target\":{\"@type\":\"EntryPoint\",\"urlTemplate\":\"https:\\\/\\\/crisbaez.com\\\/?s={search_term_string}\"},\"query-input\":{\"@type\":\"PropertyValueSpecification\",\"valueRequired\":true,\"valueName\":\"search_term_string\"}}],\"inLanguage\":\"es-DO\"},{\"@type\":\"Organization\",\"@id\":\"https:\\\/\\\/crisbaez.com\\\/#organization\",\"name\":\"Cristian Baez\",\"url\":\"https:\\\/\\\/crisbaez.com\\\/\",\"logo\":{\"@type\":\"ImageObject\",\"inLanguage\":\"es-DO\",\"@id\":\"https:\\\/\\\/crisbaez.com\\\/#\\\/schema\\\/logo\\\/image\\\/\",\"url\":\"https:\\\/\\\/i0.wp.com\\\/crisbaez.com\\\/wp-content\\\/uploads\\\/2022\\\/07\\\/cropped-CRISBAEZ-Horizontal-otra-v-scaled-1.jpg?fit=2560%2C1062&ssl=1\",\"contentUrl\":\"https:\\\/\\\/i0.wp.com\\\/crisbaez.com\\\/wp-content\\\/uploads\\\/2022\\\/07\\\/cropped-CRISBAEZ-Horizontal-otra-v-scaled-1.jpg?fit=2560%2C1062&ssl=1\",\"width\":2560,\"height\":1062,\"caption\":\"Cristian Baez\"},\"image\":{\"@id\":\"https:\\\/\\\/crisbaez.com\\\/#\\\/schema\\\/logo\\\/image\\\/\"}}]}<\/script>\n<!-- \/ Yoast SEO plugin. -->","yoast_head_json":{"title":"Biblioteca Digital - Cristian Baez","robots":{"index":"index","follow":"follow","max-snippet":"max-snippet:-1","max-image-preview":"max-image-preview:large","max-video-preview":"max-video-preview:-1"},"canonical":"https:\/\/crisbaez.com\/?page_id=210","og_locale":"es_ES","og_type":"article","og_title":"Biblioteca Digital - Cristian Baez","og_description":"Las 40 Recomendaciones del GAFI Disposiciones contra el Soborno, Libros y Registros dela Ley de Pr\u00e1cticas Corruptas en el Extranjero Acuerdo sobre Extradici\u00f3n entre el Mercosur, la Rep\u00fablica de Bolivia y la Rep\u00fablica de Chile Convenci\u00f3n Interamericana contra Corrupci\u00f3n (b-58) Reglamento de Mercado de Valores 664-12 Ley 140-15 del Notariado Convenci\u00f3n de la NU contra [&hellip;]","og_url":"https:\/\/crisbaez.com\/?page_id=210","og_site_name":"Cristian Baez","article_modified_time":"2023-06-21T16:10:17+00:00","twitter_card":"summary_large_image","twitter_misc":{"Est. reading time":"1 minuto"},"schema":{"@context":"https:\/\/schema.org","@graph":[{"@type":"WebPage","@id":"https:\/\/crisbaez.com\/?page_id=210","url":"https:\/\/crisbaez.com\/?page_id=210","name":"Biblioteca Digital - Cristian Baez","isPartOf":{"@id":"https:\/\/crisbaez.com\/#website"},"datePublished":"2023-05-26T13:38:46+00:00","dateModified":"2023-06-21T16:10:17+00:00","breadcrumb":{"@id":"https:\/\/crisbaez.com\/?page_id=210#breadcrumb"},"inLanguage":"es-DO","potentialAction":[{"@type":"ReadAction","target":["https:\/\/crisbaez.com\/?page_id=210"]}]},{"@type":"BreadcrumbList","@id":"https:\/\/crisbaez.com\/?page_id=210#breadcrumb","itemListElement":[{"@type":"ListItem","position":1,"name":"Home","item":"https:\/\/crisbaez.com\/"},{"@type":"ListItem","position":2,"name":"Biblioteca Digital"}]},{"@type":"WebSite","@id":"https:\/\/crisbaez.com\/#website","url":"https:\/\/crisbaez.com\/","name":"Cristian Baez","description":"","publisher":{"@id":"https:\/\/crisbaez.com\/#organization"},"potentialAction":[{"@type":"SearchAction","target":{"@type":"EntryPoint","urlTemplate":"https:\/\/crisbaez.com\/?s={search_term_string}"},"query-input":{"@type":"PropertyValueSpecification","valueRequired":true,"valueName":"search_term_string"}}],"inLanguage":"es-DO"},{"@type":"Organization","@id":"https:\/\/crisbaez.com\/#organization","name":"Cristian Baez","url":"https:\/\/crisbaez.com\/","logo":{"@type":"ImageObject","inLanguage":"es-DO","@id":"https:\/\/crisbaez.com\/#\/schema\/logo\/image\/","url":"https:\/\/i0.wp.com\/crisbaez.com\/wp-content\/uploads\/2022\/07\/cropped-CRISBAEZ-Horizontal-otra-v-scaled-1.jpg?fit=2560%2C1062&ssl=1","contentUrl":"https:\/\/i0.wp.com\/crisbaez.com\/wp-content\/uploads\/2022\/07\/cropped-CRISBAEZ-Horizontal-otra-v-scaled-1.jpg?fit=2560%2C1062&ssl=1","width":2560,"height":1062,"caption":"Cristian Baez"},"image":{"@id":"https:\/\/crisbaez.com\/#\/schema\/logo\/image\/"}}]}},"jetpack_sharing_enabled":true,"_links":{"self":[{"href":"https:\/\/crisbaez.com\/index.php?rest_route=\/wp\/v2\/pages\/210","targetHints":{"allow":["GET"]}}],"collection":[{"href":"https:\/\/crisbaez.com\/index.php?rest_route=\/wp\/v2\/pages"}],"about":[{"href":"https:\/\/crisbaez.com\/index.php?rest_route=\/wp\/v2\/types\/page"}],"author":[{"embeddable":true,"href":"https:\/\/crisbaez.com\/index.php?rest_route=\/wp\/v2\/users\/2"}],"replies":[{"embeddable":true,"href":"https:\/\/crisbaez.com\/index.php?rest_route=%2Fwp%2Fv2%2Fcomments&post=210"}],"version-history":[{"count":4,"href":"https:\/\/crisbaez.com\/index.php?rest_route=\/wp\/v2\/pages\/210\/revisions"}],"predecessor-version":[{"id":243,"href":"https:\/\/crisbaez.com\/index.php?rest_route=\/wp\/v2\/pages\/210\/revisions\/243"}],"wp:attachment":[{"href":"https:\/\/crisbaez.com\/index.php?rest_route=%2Fwp%2Fv2%2Fmedia&parent=210"}],"curies":[{"name":"wp","href":"https:\/\/api.w.org\/{rel}","templated":true}]}}