{"id":244,"date":"2023-08-11T15:59:39","date_gmt":"2023-08-11T15:59:39","guid":{"rendered":"https:\/\/crisbaez.com\/?page_id=244"},"modified":"2023-08-11T15:59:43","modified_gmt":"2023-08-11T15:59:43","slug":"codigos-penales","status":"publish","type":"page","link":"https:\/\/crisbaez.com\/?page_id=244","title":{"rendered":"C\u00f3digos Penales"},"content":{"rendered":"\n<h2 class=\"wp-block-heading\">C\u00f3digo penal de Rep\u00fablica Dominicana<\/h2>\n\n\n\n<div data-wp-interactive=\"core\/file\" class=\"wp-block-file\"><object data-wp-bind--hidden=\"!state.hasPdfPreview\" hidden class=\"wp-block-file__embed\" data=\"https:\/\/crisbaez.com\/wp-content\/uploads\/2023\/08\/Codigo-Penal-de-la-Republica-Dominicana.pdf\" type=\"application\/pdf\" style=\"width:100%;height:600px\" aria-label=\"Embed of Codigo-Penal-de-la-Republica-Dominicana.\"><\/object><a id=\"wp-block-file--media-fd208528-1c96-4d4e-9b09-9728d3082b91\" href=\"https:\/\/crisbaez.com\/wp-content\/uploads\/2023\/08\/Codigo-Penal-de-la-Republica-Dominicana.pdf\">Codigo-Penal-de-la-Republica-Dominicana<\/a><a href=\"https:\/\/crisbaez.com\/wp-content\/uploads\/2023\/08\/Codigo-Penal-de-la-Republica-Dominicana.pdf\" class=\"wp-block-file__button wp-element-button\" download aria-describedby=\"wp-block-file--media-fd208528-1c96-4d4e-9b09-9728d3082b91\">Descarga<\/a><\/div>\n\n\n\n<h2 class=\"wp-block-heading\">C\u00f3digo penal de Brasil<\/h2>\n\n\n\n<div data-wp-interactive=\"core\/file\" class=\"wp-block-file\"><object data-wp-bind--hidden=\"!state.hasPdfPreview\" hidden class=\"wp-block-file__embed\" data=\"https:\/\/crisbaez.com\/wp-content\/uploads\/2023\/08\/Codigo-penal-de-Brasil.pdf\" type=\"application\/pdf\" style=\"width:100%;height:600px\" aria-label=\"Embed of Codigo-penal-de-Brasil.\"><\/object><a id=\"wp-block-file--media-7db26509-84ae-4bc8-aced-6c78e3f71922\" href=\"https:\/\/crisbaez.com\/wp-content\/uploads\/2023\/08\/Codigo-penal-de-Brasil.pdf\">Codigo-penal-de-Brasil<\/a><a href=\"https:\/\/crisbaez.com\/wp-content\/uploads\/2023\/08\/Codigo-penal-de-Brasil.pdf\" class=\"wp-block-file__button wp-element-button\" download aria-describedby=\"wp-block-file--media-7db26509-84ae-4bc8-aced-6c78e3f71922\">Descarga<\/a><\/div>\n\n\n\n<h2 class=\"wp-block-heading\">C\u00f3digo penal de Uruguay<\/h2>\n\n\n\n<div data-wp-interactive=\"core\/file\" class=\"wp-block-file\"><object data-wp-bind--hidden=\"!state.hasPdfPreview\" hidden class=\"wp-block-file__embed\" data=\"https:\/\/crisbaez.com\/wp-content\/uploads\/2023\/08\/codigo_penal-de-Uruguay.pdf\" type=\"application\/pdf\" style=\"width:100%;height:600px\" aria-label=\"Embed of codigo_penal-de-Uruguay.\"><\/object><a id=\"wp-block-file--media-65e4a56c-ba33-4f5a-ac8a-f46805807cce\" href=\"https:\/\/crisbaez.com\/wp-content\/uploads\/2023\/08\/codigo_penal-de-Uruguay.pdf\">codigo_penal-de-Uruguay<\/a><a href=\"https:\/\/crisbaez.com\/wp-content\/uploads\/2023\/08\/codigo_penal-de-Uruguay.pdf\" class=\"wp-block-file__button wp-element-button\" download aria-describedby=\"wp-block-file--media-65e4a56c-ba33-4f5a-ac8a-f46805807cce\">Descarga<\/a><\/div>\n\n\n\n<h2 class=\"wp-block-heading\">C\u00f3digo penal de Espa\u00f1a<\/h2>\n\n\n\n<div data-wp-interactive=\"core\/file\" class=\"wp-block-file\"><object data-wp-bind--hidden=\"!state.hasPdfPreview\" hidden class=\"wp-block-file__embed\" data=\"https:\/\/crisbaez.com\/wp-content\/uploads\/2023\/08\/Codigo-penal-de-Espana.pdf\" type=\"application\/pdf\" style=\"width:100%;height:600px\" aria-label=\"Embed of Codigo-penal-de-Espana.\"><\/object><a id=\"wp-block-file--media-501a9206-479c-4512-842d-71204d102d1c\" href=\"https:\/\/crisbaez.com\/wp-content\/uploads\/2023\/08\/Codigo-penal-de-Espana.pdf\">Codigo-penal-de-Espana<\/a><a href=\"https:\/\/crisbaez.com\/wp-content\/uploads\/2023\/08\/Codigo-penal-de-Espana.pdf\" class=\"wp-block-file__button wp-element-button\" download aria-describedby=\"wp-block-file--media-501a9206-479c-4512-842d-71204d102d1c\">Descarga<\/a><\/div>\n","protected":false},"excerpt":{"rendered":"<p>C\u00f3digo penal de Rep\u00fablica Dominicana C\u00f3digo penal de Brasil C\u00f3digo penal de Uruguay C\u00f3digo penal de Espa\u00f1a<\/p>\n","protected":false},"author":2,"featured_media":0,"parent":0,"menu_order":0,"comment_status":"closed","ping_status":"closed","template":"","meta":{"nf_dc_page":"","_monsterinsights_skip_tracking":false,"_monsterinsights_sitenote_active":false,"_monsterinsights_sitenote_note":"","_monsterinsights_sitenote_category":0,"footnotes":""},"class_list":["post-244","page","type-page","status-publish","hentry"],"yoast_head":"<!-- This site is optimized with the Yoast SEO plugin v27.3 - https:\/\/yoast.com\/product\/yoast-seo-wordpress\/ -->\n<title>C\u00f3digos Penales - Cristian Baez<\/title>\n<meta name=\"robots\" content=\"index, follow, max-snippet:-1, max-image-preview:large, max-video-preview:-1\" \/>\n<link rel=\"canonical\" href=\"https:\/\/crisbaez.com\/?page_id=244\" \/>\n<meta property=\"og:locale\" content=\"es_ES\" \/>\n<meta property=\"og:type\" content=\"article\" \/>\n<meta property=\"og:title\" content=\"C\u00f3digos Penales - Cristian Baez\" \/>\n<meta property=\"og:description\" content=\"C\u00f3digo penal de Rep\u00fablica Dominicana C\u00f3digo penal de Brasil C\u00f3digo penal de Uruguay C\u00f3digo penal de Espa\u00f1a\" \/>\n<meta property=\"og:url\" content=\"https:\/\/crisbaez.com\/?page_id=244\" \/>\n<meta property=\"og:site_name\" content=\"Cristian Baez\" \/>\n<meta property=\"article:modified_time\" content=\"2023-08-11T15:59:43+00:00\" \/>\n<meta name=\"twitter:card\" content=\"summary_large_image\" \/>\n<meta name=\"twitter:label1\" content=\"Est. reading time\" \/>\n\t<meta name=\"twitter:data1\" content=\"1 minuto\" \/>\n<script type=\"application\/ld+json\" class=\"yoast-schema-graph\">{\"@context\":\"https:\\\/\\\/schema.org\",\"@graph\":[{\"@type\":\"WebPage\",\"@id\":\"https:\\\/\\\/crisbaez.com\\\/?page_id=244\",\"url\":\"https:\\\/\\\/crisbaez.com\\\/?page_id=244\",\"name\":\"C\u00f3digos Penales - Cristian Baez\",\"isPartOf\":{\"@id\":\"https:\\\/\\\/crisbaez.com\\\/#website\"},\"datePublished\":\"2023-08-11T15:59:39+00:00\",\"dateModified\":\"2023-08-11T15:59:43+00:00\",\"breadcrumb\":{\"@id\":\"https:\\\/\\\/crisbaez.com\\\/?page_id=244#breadcrumb\"},\"inLanguage\":\"es-DO\",\"potentialAction\":[{\"@type\":\"ReadAction\",\"target\":[\"https:\\\/\\\/crisbaez.com\\\/?page_id=244\"]}]},{\"@type\":\"BreadcrumbList\",\"@id\":\"https:\\\/\\\/crisbaez.com\\\/?page_id=244#breadcrumb\",\"itemListElement\":[{\"@type\":\"ListItem\",\"position\":1,\"name\":\"Home\",\"item\":\"https:\\\/\\\/crisbaez.com\\\/\"},{\"@type\":\"ListItem\",\"position\":2,\"name\":\"C\u00f3digos Penales\"}]},{\"@type\":\"WebSite\",\"@id\":\"https:\\\/\\\/crisbaez.com\\\/#website\",\"url\":\"https:\\\/\\\/crisbaez.com\\\/\",\"name\":\"Cristian Baez\",\"description\":\"\",\"publisher\":{\"@id\":\"https:\\\/\\\/crisbaez.com\\\/#organization\"},\"potentialAction\":[{\"@type\":\"SearchAction\",\"target\":{\"@type\":\"EntryPoint\",\"urlTemplate\":\"https:\\\/\\\/crisbaez.com\\\/?s={search_term_string}\"},\"query-input\":{\"@type\":\"PropertyValueSpecification\",\"valueRequired\":true,\"valueName\":\"search_term_string\"}}],\"inLanguage\":\"es-DO\"},{\"@type\":\"Organization\",\"@id\":\"https:\\\/\\\/crisbaez.com\\\/#organization\",\"name\":\"Cristian Baez\",\"url\":\"https:\\\/\\\/crisbaez.com\\\/\",\"logo\":{\"@type\":\"ImageObject\",\"inLanguage\":\"es-DO\",\"@id\":\"https:\\\/\\\/crisbaez.com\\\/#\\\/schema\\\/logo\\\/image\\\/\",\"url\":\"https:\\\/\\\/i0.wp.com\\\/crisbaez.com\\\/wp-content\\\/uploads\\\/2022\\\/07\\\/cropped-CRISBAEZ-Horizontal-otra-v-scaled-1.jpg?fit=2560%2C1062&ssl=1\",\"contentUrl\":\"https:\\\/\\\/i0.wp.com\\\/crisbaez.com\\\/wp-content\\\/uploads\\\/2022\\\/07\\\/cropped-CRISBAEZ-Horizontal-otra-v-scaled-1.jpg?fit=2560%2C1062&ssl=1\",\"width\":2560,\"height\":1062,\"caption\":\"Cristian Baez\"},\"image\":{\"@id\":\"https:\\\/\\\/crisbaez.com\\\/#\\\/schema\\\/logo\\\/image\\\/\"}}]}<\/script>\n<!-- \/ Yoast SEO plugin. -->","yoast_head_json":{"title":"C\u00f3digos Penales - Cristian Baez","robots":{"index":"index","follow":"follow","max-snippet":"max-snippet:-1","max-image-preview":"max-image-preview:large","max-video-preview":"max-video-preview:-1"},"canonical":"https:\/\/crisbaez.com\/?page_id=244","og_locale":"es_ES","og_type":"article","og_title":"C\u00f3digos Penales - Cristian Baez","og_description":"C\u00f3digo penal de Rep\u00fablica Dominicana C\u00f3digo penal de Brasil C\u00f3digo penal de Uruguay C\u00f3digo penal de Espa\u00f1a","og_url":"https:\/\/crisbaez.com\/?page_id=244","og_site_name":"Cristian Baez","article_modified_time":"2023-08-11T15:59:43+00:00","twitter_card":"summary_large_image","twitter_misc":{"Est. reading time":"1 minuto"},"schema":{"@context":"https:\/\/schema.org","@graph":[{"@type":"WebPage","@id":"https:\/\/crisbaez.com\/?page_id=244","url":"https:\/\/crisbaez.com\/?page_id=244","name":"C\u00f3digos Penales - Cristian Baez","isPartOf":{"@id":"https:\/\/crisbaez.com\/#website"},"datePublished":"2023-08-11T15:59:39+00:00","dateModified":"2023-08-11T15:59:43+00:00","breadcrumb":{"@id":"https:\/\/crisbaez.com\/?page_id=244#breadcrumb"},"inLanguage":"es-DO","potentialAction":[{"@type":"ReadAction","target":["https:\/\/crisbaez.com\/?page_id=244"]}]},{"@type":"BreadcrumbList","@id":"https:\/\/crisbaez.com\/?page_id=244#breadcrumb","itemListElement":[{"@type":"ListItem","position":1,"name":"Home","item":"https:\/\/crisbaez.com\/"},{"@type":"ListItem","position":2,"name":"C\u00f3digos Penales"}]},{"@type":"WebSite","@id":"https:\/\/crisbaez.com\/#website","url":"https:\/\/crisbaez.com\/","name":"Cristian Baez","description":"","publisher":{"@id":"https:\/\/crisbaez.com\/#organization"},"potentialAction":[{"@type":"SearchAction","target":{"@type":"EntryPoint","urlTemplate":"https:\/\/crisbaez.com\/?s={search_term_string}"},"query-input":{"@type":"PropertyValueSpecification","valueRequired":true,"valueName":"search_term_string"}}],"inLanguage":"es-DO"},{"@type":"Organization","@id":"https:\/\/crisbaez.com\/#organization","name":"Cristian Baez","url":"https:\/\/crisbaez.com\/","logo":{"@type":"ImageObject","inLanguage":"es-DO","@id":"https:\/\/crisbaez.com\/#\/schema\/logo\/image\/","url":"https:\/\/i0.wp.com\/crisbaez.com\/wp-content\/uploads\/2022\/07\/cropped-CRISBAEZ-Horizontal-otra-v-scaled-1.jpg?fit=2560%2C1062&ssl=1","contentUrl":"https:\/\/i0.wp.com\/crisbaez.com\/wp-content\/uploads\/2022\/07\/cropped-CRISBAEZ-Horizontal-otra-v-scaled-1.jpg?fit=2560%2C1062&ssl=1","width":2560,"height":1062,"caption":"Cristian Baez"},"image":{"@id":"https:\/\/crisbaez.com\/#\/schema\/logo\/image\/"}}]}},"jetpack_sharing_enabled":true,"_links":{"self":[{"href":"https:\/\/crisbaez.com\/index.php?rest_route=\/wp\/v2\/pages\/244","targetHints":{"allow":["GET"]}}],"collection":[{"href":"https:\/\/crisbaez.com\/index.php?rest_route=\/wp\/v2\/pages"}],"about":[{"href":"https:\/\/crisbaez.com\/index.php?rest_route=\/wp\/v2\/types\/page"}],"author":[{"embeddable":true,"href":"https:\/\/crisbaez.com\/index.php?rest_route=\/wp\/v2\/users\/2"}],"replies":[{"embeddable":true,"href":"https:\/\/crisbaez.com\/index.php?rest_route=%2Fwp%2Fv2%2Fcomments&post=244"}],"version-history":[{"count":1,"href":"https:\/\/crisbaez.com\/index.php?rest_route=\/wp\/v2\/pages\/244\/revisions"}],"predecessor-version":[{"id":249,"href":"https:\/\/crisbaez.com\/index.php?rest_route=\/wp\/v2\/pages\/244\/revisions\/249"}],"wp:attachment":[{"href":"https:\/\/crisbaez.com\/index.php?rest_route=%2Fwp%2Fv2%2Fmedia&parent=244"}],"curies":[{"name":"wp","href":"https:\/\/api.w.org\/{rel}","templated":true}]}}