{"id":27,"date":"2022-01-12T03:52:39","date_gmt":"2022-01-12T03:52:39","guid":{"rendered":"https:\/\/crisbaez.com\/?page_id=27"},"modified":"2022-07-10T20:44:28","modified_gmt":"2022-07-10T20:44:28","slug":"blog","status":"publish","type":"page","link":"https:\/\/crisbaez.com\/?page_id=27","title":{"rendered":"Nosotros"},"content":{"rendered":"\n<figure class=\"wp-block-gallery has-nested-images columns-default is-cropped wp-block-gallery-1 is-layout-flex wp-block-gallery-is-layout-flex\">\n<figure class=\"wp-block-image size-large\"><img data-recalc-dims=\"1\" loading=\"lazy\" decoding=\"async\" width=\"1024\" height=\"425\" data-id=\"121\" src=\"https:\/\/i0.wp.com\/crisbaez.com\/wp-content\/uploads\/2022\/07\/CRISBAEZ-Horizontal-otra-v.jpg?resize=1024%2C425&#038;ssl=1\" alt=\"\" class=\"wp-image-121\" srcset=\"https:\/\/i0.wp.com\/crisbaez.com\/wp-content\/uploads\/2022\/07\/CRISBAEZ-Horizontal-otra-v-scaled.jpg?resize=1024%2C425&amp;ssl=1 1024w, https:\/\/i0.wp.com\/crisbaez.com\/wp-content\/uploads\/2022\/07\/CRISBAEZ-Horizontal-otra-v-scaled.jpg?resize=300%2C125&amp;ssl=1 300w, https:\/\/i0.wp.com\/crisbaez.com\/wp-content\/uploads\/2022\/07\/CRISBAEZ-Horizontal-otra-v-scaled.jpg?resize=768%2C319&amp;ssl=1 768w, https:\/\/i0.wp.com\/crisbaez.com\/wp-content\/uploads\/2022\/07\/CRISBAEZ-Horizontal-otra-v-scaled.jpg?resize=1536%2C637&amp;ssl=1 1536w, https:\/\/i0.wp.com\/crisbaez.com\/wp-content\/uploads\/2022\/07\/CRISBAEZ-Horizontal-otra-v-scaled.jpg?resize=2048%2C850&amp;ssl=1 2048w, https:\/\/i0.wp.com\/crisbaez.com\/wp-content\/uploads\/2022\/07\/CRISBAEZ-Horizontal-otra-v-scaled.jpg?w=2340&amp;ssl=1 2340w\" sizes=\"auto, (max-width: 1024px) 100vw, 1024px\" \/><\/figure>\n<\/figure>\n\n\n\n<h2 class=\"has-text-align-center wp-block-heading\">VALORES<\/h2>\n\n\n\n<p class=\"has-text-align-left\"><mark style=\"background-color:rgba(0, 0, 0, 0)\" class=\"has-inline-color has-vivid-red-color\"><strong>C ompromiso<\/strong><\/mark>. Nos encontramos altamente comprometidos con los mejores intereses de nuestros clientes. Para nosotros, su tiempo y necesidad son nuestro tiempo y necesidad, sus conflictos son nuestros conflictos y su tranquilidad es nuestro prop\u00f3sito.<\/p>\n\n\n\n<p class=\"has-text-align-center\"><br><mark style=\"background-color:rgba(0, 0, 0, 0)\" class=\"has-inline-color has-vivid-red-color\"><strong>R esponsabilidad<\/strong><\/mark> <strong><mark style=\"background-color:rgba(0, 0, 0, 0)\" class=\"has-inline-color has-vivid-red-color\">y Respeto <\/mark><\/strong>hacia nosotros mismos y a nuestros clientes, por eso contamos con un equipo de profesionales capaces, honestos, responsables y fieles a cada uno de nuestros clientes. Nosotros lo hacemos por usted.<\/p>\n\n\n\n<p class=\"has-text-align-center\"><br><mark style=\"background-color:rgba(0, 0, 0, 0)\" class=\"has-inline-color has-vivid-red-color\"><strong>I ntegridad<\/strong><\/mark>, forjada por el prestigio y veracidad de nuestras acciones y el fiel cumplimiento de nuestro deber, matizada por la honestidad de nuestros servicios y evidenciado en la nuestra cartera de clientes que por m\u00e1s de diecis\u00e9is a\u00f1os han puesto su confianza y sus negocios en nuestras manos.<\/p>\n\n\n\n<p class=\"has-text-align-center\"><br><mark style=\"background-color:rgba(0, 0, 0, 0)\" class=\"has-inline-color has-vivid-red-color\"><strong>S ecreto profesional<\/strong><\/mark>. La confidencialidad en el manejo de los intereses de nuestros clientes, es una de nuestras caracter\u00edsticas. Sin importar lo sensible de sus informaciones para nosotros siempre ser\u00e1n discrecionales.<\/p>\n\n\n\n<p class=\"has-text-align-center\"><br><mark style=\"background-color:rgba(0, 0, 0, 0)\" class=\"has-inline-color has-vivid-red-color\"><strong>B ondad<\/strong><\/mark>, reflejada en la amabilidad y empat\u00eda de todo nuestro personal en favor de nuestros clientes. Nuestros servicios se basan en la calidad, eficacia, responsabilidad, oportunidad, comprensi\u00f3n, tolerancia, respeto y buen trato de nuestro equipo de profesionales altamente equipado.<\/p>\n\n\n\n<p class=\"has-text-align-center\"><br><mark style=\"background-color:rgba(0, 0, 0, 0)\" class=\"has-inline-color has-vivid-red-color\"><strong>A plicaci\u00f3n continua<\/strong><\/mark>. Nuestros conocimientos se mantienen en constante proceso de renovaci\u00f3n para mejorar la calidad de nuestros servicios cada d\u00eda. Por ello, dedicamos todo nuestro tiempo, esfuerzo y conocimiento para atender con diligencia y eficacia sus conflictos y necesidades jur\u00eddicas, construyendo soluciones adecuadas y oportunas.<\/p>\n\n\n\n<p class=\"has-text-align-center\"><br><mark style=\"background-color:rgba(0, 0, 0, 0)\" class=\"has-inline-color has-vivid-red-color\"><strong>E quidad e igualdad<\/strong><\/mark>. Nos caracterizamos por brindar nuestros servicios con respeto integral a sus necesidades. No importa la magnitud de sus intereses, para nosotros cada cliente es igual de importante, tomando en consideraci\u00f3n las necesidades e intereses particulares de cada cliente.<\/p>\n\n\n\n<p class=\"has-text-align-center\"><br><mark style=\"background-color:rgba(0, 0, 0, 0)\" class=\"has-inline-color has-vivid-red-color\"><strong>Z ona de confort de nuestros clientes<\/strong><\/mark>, para quienes proporcionamos servicios jur\u00eddicos, financieros e inmobiliarios con profesionalismo, alta vocaci\u00f3n y aptitud de entrega.<\/p>\n\n\n\n<h2 class=\"has-text-align-center wp-block-heading\">Misi\u00f3n <\/h2>\n\n\n\n<p class=\"has-text-align-center\">Brindar seguridad y confianza a trav\u00e9s de Soluciones Jur\u00eddicas Integrales de: Consultor\u00eda, Asesor\u00eda, Litigaci\u00f3n, Gesti\u00f3n y Servicios Financieros e Inmobiliarios, adecuados a las necesidades de nuestros clientes.<\/p>\n\n\n\n<h2 class=\"has-text-align-center wp-block-heading\">Visi\u00f3n <\/h2>\n\n\n\n<p><\/p>\n\n\n\n<p class=\"has-text-align-center\">Consolidar nuestro Prestigio y Reconocimiento nacional e Internacional, brindando Servicios Jur\u00eddicos Integrales con calidad y responsabilidad.<\/p>\n\n\n\n<p class=\"has-text-align-center\"><br>Comprometidos con la Eficiencia y Experiencia Profesional adquirida. Logrando as\u00ed, superar las expectativas de nuestros clientes.<\/p>\n\n\n\n<p><\/p>\n\n\n\n<p class=\"has-text-align-center\"><em><strong>\u00a1Nosotros lo hacemos por usted<\/strong>!<\/em><\/p>\n","protected":false},"excerpt":{"rendered":"<p>VALORES C ompromiso. Nos encontramos altamente comprometidos con los mejores intereses de nuestros clientes. Para nosotros, su tiempo y necesidad son nuestro tiempo y necesidad, sus conflictos son nuestros conflictos y su tranquilidad es nuestro prop\u00f3sito. R esponsabilidad y Respeto hacia nosotros mismos y a nuestros clientes, por eso contamos con un equipo de profesionales [&hellip;]<\/p>\n","protected":false},"author":2,"featured_media":0,"parent":0,"menu_order":0,"comment_status":"closed","ping_status":"closed","template":"","meta":{"nf_dc_page":"","_monsterinsights_skip_tracking":false,"_monsterinsights_sitenote_active":false,"_monsterinsights_sitenote_note":"","_monsterinsights_sitenote_category":0,"footnotes":""},"class_list":["post-27","page","type-page","status-publish","hentry"],"yoast_head":"<!-- This site is optimized with the Yoast SEO plugin v27.6 - https:\/\/yoast.com\/product\/yoast-seo-wordpress\/ -->\n<title>Nosotros - Cristian Baez<\/title>\n<meta name=\"robots\" content=\"index, follow, max-snippet:-1, max-image-preview:large, max-video-preview:-1\" \/>\n<link rel=\"canonical\" href=\"https:\/\/crisbaez.com\/?page_id=27\" \/>\n<meta property=\"og:locale\" content=\"es_ES\" \/>\n<meta property=\"og:type\" content=\"article\" \/>\n<meta property=\"og:title\" content=\"Nosotros - Cristian Baez\" \/>\n<meta property=\"og:description\" content=\"VALORES C ompromiso. Nos encontramos altamente comprometidos con los mejores intereses de nuestros clientes. Para nosotros, su tiempo y necesidad son nuestro tiempo y necesidad, sus conflictos son nuestros conflictos y su tranquilidad es nuestro prop\u00f3sito. R esponsabilidad y Respeto hacia nosotros mismos y a nuestros clientes, por eso contamos con un equipo de profesionales [&hellip;]\" \/>\n<meta property=\"og:url\" content=\"https:\/\/crisbaez.com\/?page_id=27\" \/>\n<meta property=\"og:site_name\" content=\"Cristian Baez\" \/>\n<meta property=\"article:modified_time\" content=\"2022-07-10T20:44:28+00:00\" \/>\n<meta property=\"og:image\" content=\"https:\/\/crisbaez.com\/wp-content\/uploads\/2022\/07\/CRISBAEZ-Horizontal-otra-v-1024x425.jpg\" \/>\n<meta name=\"twitter:card\" content=\"summary_large_image\" \/>\n<meta name=\"twitter:label1\" content=\"Est. reading time\" \/>\n\t<meta name=\"twitter:data1\" content=\"2 minutos\" \/>\n<script type=\"application\/ld+json\" class=\"yoast-schema-graph\">{\"@context\":\"https:\\\/\\\/schema.org\",\"@graph\":[{\"@type\":\"WebPage\",\"@id\":\"https:\\\/\\\/crisbaez.com\\\/?page_id=27\",\"url\":\"https:\\\/\\\/crisbaez.com\\\/?page_id=27\",\"name\":\"Nosotros - Cristian Baez\",\"isPartOf\":{\"@id\":\"https:\\\/\\\/crisbaez.com\\\/#website\"},\"primaryImageOfPage\":{\"@id\":\"https:\\\/\\\/crisbaez.com\\\/?page_id=27#primaryimage\"},\"image\":{\"@id\":\"https:\\\/\\\/crisbaez.com\\\/?page_id=27#primaryimage\"},\"thumbnailUrl\":\"https:\\\/\\\/crisbaez.com\\\/wp-content\\\/uploads\\\/2022\\\/07\\\/CRISBAEZ-Horizontal-otra-v-1024x425.jpg\",\"datePublished\":\"2022-01-12T03:52:39+00:00\",\"dateModified\":\"2022-07-10T20:44:28+00:00\",\"breadcrumb\":{\"@id\":\"https:\\\/\\\/crisbaez.com\\\/?page_id=27#breadcrumb\"},\"inLanguage\":\"es-DO\",\"potentialAction\":[{\"@type\":\"ReadAction\",\"target\":[\"https:\\\/\\\/crisbaez.com\\\/?page_id=27\"]}]},{\"@type\":\"ImageObject\",\"inLanguage\":\"es-DO\",\"@id\":\"https:\\\/\\\/crisbaez.com\\\/?page_id=27#primaryimage\",\"url\":\"https:\\\/\\\/i0.wp.com\\\/crisbaez.com\\\/wp-content\\\/uploads\\\/2022\\\/07\\\/CRISBAEZ-Horizontal-otra-v-scaled.jpg?fit=2560%2C1062&ssl=1\",\"contentUrl\":\"https:\\\/\\\/i0.wp.com\\\/crisbaez.com\\\/wp-content\\\/uploads\\\/2022\\\/07\\\/CRISBAEZ-Horizontal-otra-v-scaled.jpg?fit=2560%2C1062&ssl=1\",\"width\":2560,\"height\":1062},{\"@type\":\"BreadcrumbList\",\"@id\":\"https:\\\/\\\/crisbaez.com\\\/?page_id=27#breadcrumb\",\"itemListElement\":[{\"@type\":\"ListItem\",\"position\":1,\"name\":\"Home\",\"item\":\"https:\\\/\\\/crisbaez.com\\\/\"},{\"@type\":\"ListItem\",\"position\":2,\"name\":\"Nosotros\"}]},{\"@type\":\"WebSite\",\"@id\":\"https:\\\/\\\/crisbaez.com\\\/#website\",\"url\":\"https:\\\/\\\/crisbaez.com\\\/\",\"name\":\"Cristian Baez\",\"description\":\"\",\"publisher\":{\"@id\":\"https:\\\/\\\/crisbaez.com\\\/#organization\"},\"potentialAction\":[{\"@type\":\"SearchAction\",\"target\":{\"@type\":\"EntryPoint\",\"urlTemplate\":\"https:\\\/\\\/crisbaez.com\\\/?s={search_term_string}\"},\"query-input\":{\"@type\":\"PropertyValueSpecification\",\"valueRequired\":true,\"valueName\":\"search_term_string\"}}],\"inLanguage\":\"es-DO\"},{\"@type\":\"Organization\",\"@id\":\"https:\\\/\\\/crisbaez.com\\\/#organization\",\"name\":\"Cristian Baez\",\"url\":\"https:\\\/\\\/crisbaez.com\\\/\",\"logo\":{\"@type\":\"ImageObject\",\"inLanguage\":\"es-DO\",\"@id\":\"https:\\\/\\\/crisbaez.com\\\/#\\\/schema\\\/logo\\\/image\\\/\",\"url\":\"https:\\\/\\\/i0.wp.com\\\/crisbaez.com\\\/wp-content\\\/uploads\\\/2022\\\/07\\\/cropped-CRISBAEZ-Horizontal-otra-v-scaled-1.jpg?fit=2560%2C1062&ssl=1\",\"contentUrl\":\"https:\\\/\\\/i0.wp.com\\\/crisbaez.com\\\/wp-content\\\/uploads\\\/2022\\\/07\\\/cropped-CRISBAEZ-Horizontal-otra-v-scaled-1.jpg?fit=2560%2C1062&ssl=1\",\"width\":2560,\"height\":1062,\"caption\":\"Cristian Baez\"},\"image\":{\"@id\":\"https:\\\/\\\/crisbaez.com\\\/#\\\/schema\\\/logo\\\/image\\\/\"}}]}<\/script>\n<!-- \/ Yoast SEO plugin. -->","yoast_head_json":{"title":"Nosotros - Cristian Baez","robots":{"index":"index","follow":"follow","max-snippet":"max-snippet:-1","max-image-preview":"max-image-preview:large","max-video-preview":"max-video-preview:-1"},"canonical":"https:\/\/crisbaez.com\/?page_id=27","og_locale":"es_ES","og_type":"article","og_title":"Nosotros - Cristian Baez","og_description":"VALORES C ompromiso. Nos encontramos altamente comprometidos con los mejores intereses de nuestros clientes. Para nosotros, su tiempo y necesidad son nuestro tiempo y necesidad, sus conflictos son nuestros conflictos y su tranquilidad es nuestro prop\u00f3sito. R esponsabilidad y Respeto hacia nosotros mismos y a nuestros clientes, por eso contamos con un equipo de profesionales [&hellip;]","og_url":"https:\/\/crisbaez.com\/?page_id=27","og_site_name":"Cristian Baez","article_modified_time":"2022-07-10T20:44:28+00:00","og_image":[{"url":"https:\/\/crisbaez.com\/wp-content\/uploads\/2022\/07\/CRISBAEZ-Horizontal-otra-v-1024x425.jpg","type":"","width":"","height":""}],"twitter_card":"summary_large_image","twitter_misc":{"Est. reading time":"2 minutos"},"schema":{"@context":"https:\/\/schema.org","@graph":[{"@type":"WebPage","@id":"https:\/\/crisbaez.com\/?page_id=27","url":"https:\/\/crisbaez.com\/?page_id=27","name":"Nosotros - Cristian Baez","isPartOf":{"@id":"https:\/\/crisbaez.com\/#website"},"primaryImageOfPage":{"@id":"https:\/\/crisbaez.com\/?page_id=27#primaryimage"},"image":{"@id":"https:\/\/crisbaez.com\/?page_id=27#primaryimage"},"thumbnailUrl":"https:\/\/crisbaez.com\/wp-content\/uploads\/2022\/07\/CRISBAEZ-Horizontal-otra-v-1024x425.jpg","datePublished":"2022-01-12T03:52:39+00:00","dateModified":"2022-07-10T20:44:28+00:00","breadcrumb":{"@id":"https:\/\/crisbaez.com\/?page_id=27#breadcrumb"},"inLanguage":"es-DO","potentialAction":[{"@type":"ReadAction","target":["https:\/\/crisbaez.com\/?page_id=27"]}]},{"@type":"ImageObject","inLanguage":"es-DO","@id":"https:\/\/crisbaez.com\/?page_id=27#primaryimage","url":"https:\/\/i0.wp.com\/crisbaez.com\/wp-content\/uploads\/2022\/07\/CRISBAEZ-Horizontal-otra-v-scaled.jpg?fit=2560%2C1062&ssl=1","contentUrl":"https:\/\/i0.wp.com\/crisbaez.com\/wp-content\/uploads\/2022\/07\/CRISBAEZ-Horizontal-otra-v-scaled.jpg?fit=2560%2C1062&ssl=1","width":2560,"height":1062},{"@type":"BreadcrumbList","@id":"https:\/\/crisbaez.com\/?page_id=27#breadcrumb","itemListElement":[{"@type":"ListItem","position":1,"name":"Home","item":"https:\/\/crisbaez.com\/"},{"@type":"ListItem","position":2,"name":"Nosotros"}]},{"@type":"WebSite","@id":"https:\/\/crisbaez.com\/#website","url":"https:\/\/crisbaez.com\/","name":"Cristian Baez","description":"","publisher":{"@id":"https:\/\/crisbaez.com\/#organization"},"potentialAction":[{"@type":"SearchAction","target":{"@type":"EntryPoint","urlTemplate":"https:\/\/crisbaez.com\/?s={search_term_string}"},"query-input":{"@type":"PropertyValueSpecification","valueRequired":true,"valueName":"search_term_string"}}],"inLanguage":"es-DO"},{"@type":"Organization","@id":"https:\/\/crisbaez.com\/#organization","name":"Cristian Baez","url":"https:\/\/crisbaez.com\/","logo":{"@type":"ImageObject","inLanguage":"es-DO","@id":"https:\/\/crisbaez.com\/#\/schema\/logo\/image\/","url":"https:\/\/i0.wp.com\/crisbaez.com\/wp-content\/uploads\/2022\/07\/cropped-CRISBAEZ-Horizontal-otra-v-scaled-1.jpg?fit=2560%2C1062&ssl=1","contentUrl":"https:\/\/i0.wp.com\/crisbaez.com\/wp-content\/uploads\/2022\/07\/cropped-CRISBAEZ-Horizontal-otra-v-scaled-1.jpg?fit=2560%2C1062&ssl=1","width":2560,"height":1062,"caption":"Cristian Baez"},"image":{"@id":"https:\/\/crisbaez.com\/#\/schema\/logo\/image\/"}}]}},"jetpack_sharing_enabled":true,"_links":{"self":[{"href":"https:\/\/crisbaez.com\/index.php?rest_route=\/wp\/v2\/pages\/27","targetHints":{"allow":["GET"]}}],"collection":[{"href":"https:\/\/crisbaez.com\/index.php?rest_route=\/wp\/v2\/pages"}],"about":[{"href":"https:\/\/crisbaez.com\/index.php?rest_route=\/wp\/v2\/types\/page"}],"author":[{"embeddable":true,"href":"https:\/\/crisbaez.com\/index.php?rest_route=\/wp\/v2\/users\/2"}],"replies":[{"embeddable":true,"href":"https:\/\/crisbaez.com\/index.php?rest_route=%2Fwp%2Fv2%2Fcomments&post=27"}],"version-history":[{"count":4,"href":"https:\/\/crisbaez.com\/index.php?rest_route=\/wp\/v2\/pages\/27\/revisions"}],"predecessor-version":[{"id":122,"href":"https:\/\/crisbaez.com\/index.php?rest_route=\/wp\/v2\/pages\/27\/revisions\/122"}],"wp:attachment":[{"href":"https:\/\/crisbaez.com\/index.php?rest_route=%2Fwp%2Fv2%2Fmedia&parent=27"}],"curies":[{"name":"wp","href":"https:\/\/api.w.org\/{rel}","templated":true}]}}