{"id":90,"date":"2022-03-28T13:33:23","date_gmt":"2022-03-28T13:33:23","guid":{"rendered":"https:\/\/crisbaez.com\/?page_id=90"},"modified":"2022-03-28T13:33:29","modified_gmt":"2022-03-28T13:33:29","slug":"cristian-baez","status":"publish","type":"page","link":"https:\/\/crisbaez.com\/?page_id=90","title":{"rendered":"Cristian Baez"},"content":{"rendered":"\n<p>Socio Fundador; abogado litigante, con m\u00e1s de 17 a\u00f1os de experiencia en litigaci\u00f3n, asesor\u00eda y consultor\u00eda jur\u00eddica en las m\u00e1s cotidianas \u00e1reas del conocimiento jur\u00eddico, entre ellas: Civil, Penal, Administrativo, Constitucional y Electoral.<\/p>\n\n\n\n<p>Master en Derecho Penal Econ\u00f3mico Internacional; Especializado en derecho penal y procedimiento penal; Especializado en Derechos Humanos; Experiencia en Responsabilidad Civil M\u00e9dica, litigaci\u00f3n civil, comercial, penal y laboral; Litigaci\u00f3n.<\/p>\n\n\n\n<p>Egresado de la UASD, Universidad de GRANADA- IAEU, Estudios en Universidad de Castilla La Mancha, IDP<\/p>\n","protected":false},"excerpt":{"rendered":"<p>Socio Fundador; abogado litigante, con m\u00e1s de 17 a\u00f1os de experiencia en litigaci\u00f3n, asesor\u00eda y consultor\u00eda jur\u00eddica en las m\u00e1s cotidianas \u00e1reas del conocimiento jur\u00eddico, entre ellas: Civil, Penal, Administrativo, Constitucional y Electoral. Master en Derecho Penal Econ\u00f3mico Internacional; Especializado en derecho penal y procedimiento penal; Especializado en Derechos Humanos; Experiencia en Responsabilidad Civil M\u00e9dica, [&hellip;]<\/p>\n","protected":false},"author":2,"featured_media":0,"parent":0,"menu_order":0,"comment_status":"closed","ping_status":"closed","template":"","meta":{"nf_dc_page":"","_monsterinsights_skip_tracking":false,"_monsterinsights_sitenote_active":false,"_monsterinsights_sitenote_note":"","_monsterinsights_sitenote_category":0,"footnotes":""},"class_list":["post-90","page","type-page","status-publish","hentry"],"yoast_head":"<!-- This site is optimized with the Yoast SEO plugin v27.6 - https:\/\/yoast.com\/product\/yoast-seo-wordpress\/ -->\n<title>Cristian Baez - Cristian Baez<\/title>\n<meta name=\"robots\" content=\"index, follow, max-snippet:-1, max-image-preview:large, max-video-preview:-1\" \/>\n<link rel=\"canonical\" href=\"https:\/\/crisbaez.com\/?page_id=90\" \/>\n<meta property=\"og:locale\" content=\"es_ES\" \/>\n<meta property=\"og:type\" content=\"article\" \/>\n<meta property=\"og:title\" content=\"Cristian Baez - Cristian Baez\" \/>\n<meta property=\"og:description\" content=\"Socio Fundador; abogado litigante, con m\u00e1s de 17 a\u00f1os de experiencia en litigaci\u00f3n, asesor\u00eda y consultor\u00eda jur\u00eddica en las m\u00e1s cotidianas \u00e1reas del conocimiento jur\u00eddico, entre ellas: Civil, Penal, Administrativo, Constitucional y Electoral. Master en Derecho Penal Econ\u00f3mico Internacional; Especializado en derecho penal y procedimiento penal; Especializado en Derechos Humanos; Experiencia en Responsabilidad Civil M\u00e9dica, [&hellip;]\" \/>\n<meta property=\"og:url\" content=\"https:\/\/crisbaez.com\/?page_id=90\" \/>\n<meta property=\"og:site_name\" content=\"Cristian Baez\" \/>\n<meta property=\"article:modified_time\" content=\"2022-03-28T13:33:29+00:00\" \/>\n<meta name=\"twitter:card\" content=\"summary_large_image\" \/>\n<meta name=\"twitter:label1\" content=\"Est. reading time\" \/>\n\t<meta name=\"twitter:data1\" content=\"1 minuto\" \/>\n<script type=\"application\/ld+json\" class=\"yoast-schema-graph\">{\"@context\":\"https:\\\/\\\/schema.org\",\"@graph\":[{\"@type\":\"WebPage\",\"@id\":\"https:\\\/\\\/crisbaez.com\\\/?page_id=90\",\"url\":\"https:\\\/\\\/crisbaez.com\\\/?page_id=90\",\"name\":\"Cristian Baez - Cristian Baez\",\"isPartOf\":{\"@id\":\"https:\\\/\\\/crisbaez.com\\\/#website\"},\"datePublished\":\"2022-03-28T13:33:23+00:00\",\"dateModified\":\"2022-03-28T13:33:29+00:00\",\"breadcrumb\":{\"@id\":\"https:\\\/\\\/crisbaez.com\\\/?page_id=90#breadcrumb\"},\"inLanguage\":\"es-DO\",\"potentialAction\":[{\"@type\":\"ReadAction\",\"target\":[\"https:\\\/\\\/crisbaez.com\\\/?page_id=90\"]}]},{\"@type\":\"BreadcrumbList\",\"@id\":\"https:\\\/\\\/crisbaez.com\\\/?page_id=90#breadcrumb\",\"itemListElement\":[{\"@type\":\"ListItem\",\"position\":1,\"name\":\"Home\",\"item\":\"https:\\\/\\\/crisbaez.com\\\/\"},{\"@type\":\"ListItem\",\"position\":2,\"name\":\"Cristian Baez\"}]},{\"@type\":\"WebSite\",\"@id\":\"https:\\\/\\\/crisbaez.com\\\/#website\",\"url\":\"https:\\\/\\\/crisbaez.com\\\/\",\"name\":\"Cristian Baez\",\"description\":\"\",\"publisher\":{\"@id\":\"https:\\\/\\\/crisbaez.com\\\/#organization\"},\"potentialAction\":[{\"@type\":\"SearchAction\",\"target\":{\"@type\":\"EntryPoint\",\"urlTemplate\":\"https:\\\/\\\/crisbaez.com\\\/?s={search_term_string}\"},\"query-input\":{\"@type\":\"PropertyValueSpecification\",\"valueRequired\":true,\"valueName\":\"search_term_string\"}}],\"inLanguage\":\"es-DO\"},{\"@type\":\"Organization\",\"@id\":\"https:\\\/\\\/crisbaez.com\\\/#organization\",\"name\":\"Cristian Baez\",\"url\":\"https:\\\/\\\/crisbaez.com\\\/\",\"logo\":{\"@type\":\"ImageObject\",\"inLanguage\":\"es-DO\",\"@id\":\"https:\\\/\\\/crisbaez.com\\\/#\\\/schema\\\/logo\\\/image\\\/\",\"url\":\"https:\\\/\\\/i0.wp.com\\\/crisbaez.com\\\/wp-content\\\/uploads\\\/2022\\\/07\\\/cropped-CRISBAEZ-Horizontal-otra-v-scaled-1.jpg?fit=2560%2C1062&ssl=1\",\"contentUrl\":\"https:\\\/\\\/i0.wp.com\\\/crisbaez.com\\\/wp-content\\\/uploads\\\/2022\\\/07\\\/cropped-CRISBAEZ-Horizontal-otra-v-scaled-1.jpg?fit=2560%2C1062&ssl=1\",\"width\":2560,\"height\":1062,\"caption\":\"Cristian Baez\"},\"image\":{\"@id\":\"https:\\\/\\\/crisbaez.com\\\/#\\\/schema\\\/logo\\\/image\\\/\"}}]}<\/script>\n<!-- \/ Yoast SEO plugin. -->","yoast_head_json":{"title":"Cristian Baez - Cristian Baez","robots":{"index":"index","follow":"follow","max-snippet":"max-snippet:-1","max-image-preview":"max-image-preview:large","max-video-preview":"max-video-preview:-1"},"canonical":"https:\/\/crisbaez.com\/?page_id=90","og_locale":"es_ES","og_type":"article","og_title":"Cristian Baez - Cristian Baez","og_description":"Socio Fundador; abogado litigante, con m\u00e1s de 17 a\u00f1os de experiencia en litigaci\u00f3n, asesor\u00eda y consultor\u00eda jur\u00eddica en las m\u00e1s cotidianas \u00e1reas del conocimiento jur\u00eddico, entre ellas: Civil, Penal, Administrativo, Constitucional y Electoral. Master en Derecho Penal Econ\u00f3mico Internacional; Especializado en derecho penal y procedimiento penal; Especializado en Derechos Humanos; Experiencia en Responsabilidad Civil M\u00e9dica, [&hellip;]","og_url":"https:\/\/crisbaez.com\/?page_id=90","og_site_name":"Cristian Baez","article_modified_time":"2022-03-28T13:33:29+00:00","twitter_card":"summary_large_image","twitter_misc":{"Est. reading time":"1 minuto"},"schema":{"@context":"https:\/\/schema.org","@graph":[{"@type":"WebPage","@id":"https:\/\/crisbaez.com\/?page_id=90","url":"https:\/\/crisbaez.com\/?page_id=90","name":"Cristian Baez - Cristian Baez","isPartOf":{"@id":"https:\/\/crisbaez.com\/#website"},"datePublished":"2022-03-28T13:33:23+00:00","dateModified":"2022-03-28T13:33:29+00:00","breadcrumb":{"@id":"https:\/\/crisbaez.com\/?page_id=90#breadcrumb"},"inLanguage":"es-DO","potentialAction":[{"@type":"ReadAction","target":["https:\/\/crisbaez.com\/?page_id=90"]}]},{"@type":"BreadcrumbList","@id":"https:\/\/crisbaez.com\/?page_id=90#breadcrumb","itemListElement":[{"@type":"ListItem","position":1,"name":"Home","item":"https:\/\/crisbaez.com\/"},{"@type":"ListItem","position":2,"name":"Cristian Baez"}]},{"@type":"WebSite","@id":"https:\/\/crisbaez.com\/#website","url":"https:\/\/crisbaez.com\/","name":"Cristian Baez","description":"","publisher":{"@id":"https:\/\/crisbaez.com\/#organization"},"potentialAction":[{"@type":"SearchAction","target":{"@type":"EntryPoint","urlTemplate":"https:\/\/crisbaez.com\/?s={search_term_string}"},"query-input":{"@type":"PropertyValueSpecification","valueRequired":true,"valueName":"search_term_string"}}],"inLanguage":"es-DO"},{"@type":"Organization","@id":"https:\/\/crisbaez.com\/#organization","name":"Cristian Baez","url":"https:\/\/crisbaez.com\/","logo":{"@type":"ImageObject","inLanguage":"es-DO","@id":"https:\/\/crisbaez.com\/#\/schema\/logo\/image\/","url":"https:\/\/i0.wp.com\/crisbaez.com\/wp-content\/uploads\/2022\/07\/cropped-CRISBAEZ-Horizontal-otra-v-scaled-1.jpg?fit=2560%2C1062&ssl=1","contentUrl":"https:\/\/i0.wp.com\/crisbaez.com\/wp-content\/uploads\/2022\/07\/cropped-CRISBAEZ-Horizontal-otra-v-scaled-1.jpg?fit=2560%2C1062&ssl=1","width":2560,"height":1062,"caption":"Cristian Baez"},"image":{"@id":"https:\/\/crisbaez.com\/#\/schema\/logo\/image\/"}}]}},"jetpack_sharing_enabled":true,"_links":{"self":[{"href":"https:\/\/crisbaez.com\/index.php?rest_route=\/wp\/v2\/pages\/90","targetHints":{"allow":["GET"]}}],"collection":[{"href":"https:\/\/crisbaez.com\/index.php?rest_route=\/wp\/v2\/pages"}],"about":[{"href":"https:\/\/crisbaez.com\/index.php?rest_route=\/wp\/v2\/types\/page"}],"author":[{"embeddable":true,"href":"https:\/\/crisbaez.com\/index.php?rest_route=\/wp\/v2\/users\/2"}],"replies":[{"embeddable":true,"href":"https:\/\/crisbaez.com\/index.php?rest_route=%2Fwp%2Fv2%2Fcomments&post=90"}],"version-history":[{"count":1,"href":"https:\/\/crisbaez.com\/index.php?rest_route=\/wp\/v2\/pages\/90\/revisions"}],"predecessor-version":[{"id":91,"href":"https:\/\/crisbaez.com\/index.php?rest_route=\/wp\/v2\/pages\/90\/revisions\/91"}],"wp:attachment":[{"href":"https:\/\/crisbaez.com\/index.php?rest_route=%2Fwp%2Fv2%2Fmedia&parent=90"}],"curies":[{"name":"wp","href":"https:\/\/api.w.org\/{rel}","templated":true}]}}